{"id":21,"date":"2020-12-08T03:53:12","date_gmt":"2020-12-08T03:53:12","guid":{"rendered":"https:\/\/gaviaspreview.com\/wp\/orgarium\/?page_id=21"},"modified":"2024-12-30T00:20:53","modified_gmt":"2024-12-29T23:20:53","slug":"clos-des-sentinelles","status":"publish","type":"page","link":"https:\/\/closdessentinelles.com\/index.php\/clos-des-sentinelles\/","title":{"rendered":"Clos des Sentinelles"},"content":{"rendered":"\t\t<div data-elementor-type=\"wp-page\" data-elementor-id=\"21\" class=\"elementor elementor-21\">\n\t\t\t\t\t\t<section class=\"elementor-section elementor-top-section elementor-element elementor-element-a2abf68 elementor-section-boxed elementor-section-height-default elementor-section-height-default shape-bg-top-no\" data-id=\"a2abf68\" data-element_type=\"section\" data-e-type=\"section\" data-settings=\"{&quot;background_background&quot;:&quot;slideshow&quot;,&quot;background_slideshow_gallery&quot;:[{&quot;id&quot;:1935,&quot;url&quot;:&quot;https:\\\/\\\/closdessentinelles.com\\\/wp-content\\\/uploads\\\/2024\\\/12\\\/CoffretWIT-bandoRVB.png&quot;},{&quot;id&quot;:1936,&quot;url&quot;:&quot;https:\\\/\\\/closdessentinelles.com\\\/wp-content\\\/uploads\\\/2024\\\/12\\\/Immoral-2-bandoRVB-e1735249026467.png&quot;},{&quot;id&quot;:1937,&quot;url&quot;:&quot;https:\\\/\\\/closdessentinelles.com\\\/wp-content\\\/uploads\\\/2024\\\/12\\\/Immuable-resto2-bandoRVB.png&quot;}],&quot;background_slideshow_ken_burns&quot;:&quot;yes&quot;,&quot;background_slideshow_loop&quot;:&quot;yes&quot;,&quot;background_slideshow_slide_duration&quot;:5000,&quot;background_slideshow_slide_transition&quot;:&quot;fade&quot;,&quot;background_slideshow_transition_duration&quot;:500,&quot;background_slideshow_ken_burns_zoom_direction&quot;:&quot;in&quot;}\">\n\t\t\t\t\t\t<div class=\"elementor-container elementor-column-gap-default\">\n\t\t\t\t\t<div class=\"elementor-column elementor-col-100 elementor-top-column elementor-element elementor-element-7260d10\" data-id=\"7260d10\" data-element_type=\"column\" data-e-type=\"column\">\n\t\t\t<div class=\"elementor-widget-wrap elementor-element-populated\">\n\t\t\t\t\t\t<div class=\"elementor-element elementor-element-3f38b9d elementor-widget elementor-widget-gva-heading-block\" data-id=\"3f38b9d\" data-element_type=\"widget\" data-e-type=\"widget\" data-widget_type=\"gva-heading-block.default\">\n\t\t\t\t<div class=\"elementor-widget-container\">\n\t\t\t\t\t<div class=\"gva-element-gva-heading-block gva-element\">   <div class=\"align-left style-3 widget gsc-heading box-align-left auto-responsive\">\r\n      <div class=\"content-inner\">\r\n         \r\n                  \r\n           \r\n         \r\n                     <h2 class=\"title\">\r\n               <span>Clos des Sentinelles<\/span>\r\n            <\/h2>\r\n                              <div class=\"title-desc\">Miel Biologique &amp; Hydromel \u0153nologique<\/div>\r\n         \r\n         \r\n      <\/div>\r\n   <\/div>\r\n<\/div>\t\t\t\t<\/div>\n\t\t\t\t<\/div>\n\t\t\t\t\t<\/div>\n\t\t<\/div>\n\t\t\t\t\t<\/div>\n\t\t<\/section>\n\t\t\t\t<section class=\"elementor-section elementor-top-section elementor-element elementor-element-0a7f94e shape-bg-top-yes elementor-section-boxed elementor-section-height-default elementor-section-height-default shape-bg-bottom-no\" data-id=\"0a7f94e\" data-element_type=\"section\" data-e-type=\"section\">\n\t\t\t\t\t\t<div class=\"elementor-container elementor-column-gap-default\">\n\t\t\t\t\t<div class=\"elementor-column elementor-col-50 elementor-top-column elementor-element elementor-element-ae6f907\" data-id=\"ae6f907\" data-element_type=\"column\" data-e-type=\"column\">\n\t\t\t<div class=\"elementor-widget-wrap elementor-element-populated\">\n\t\t\t\t\t\t<div class=\"elementor-element elementor-element-82971a4 elementor-widget elementor-widget-gva-heading-block\" data-id=\"82971a4\" data-element_type=\"widget\" data-e-type=\"widget\" data-settings=\"{&quot;_animation&quot;:&quot;none&quot;}\" data-widget_type=\"gva-heading-block.default\">\n\t\t\t\t<div class=\"elementor-widget-container\">\n\t\t\t\t\t<div class=\"gva-element-gva-heading-block gva-element\">   <div class=\"align-left style-1 widget gsc-heading box-align-left auto-responsive\">\r\n      <div class=\"content-inner\">\r\n         \r\n                  \r\n         <div class=\"sub-title\"><span class=\"heading-icon\"><img decoding=\"async\" src=\"https:\/\/closdessentinelles.com\/wp-content\/uploads\/2024\/12\/visuel_Clos-Sentinelles_Black-e1733085408387.jpg\" alt=\"\" \/><\/span><span class=\"tagline\">Clos des Sentinelles<\/span><\/div>  \r\n         \r\n                     <h2 class=\"title\">\r\n               <span>La science du vin\nau service de l\u2019hydromel<\/span>\r\n            <\/h2>\r\n                              <div class=\"title-desc\">Clos des Sentinelles collabore avec des \u0153nologues et des ing\u00e9nieurs agronomes dans une d\u00e9marche de recherche, d\u2019innovation et de d\u00e9veloppement.\n\nAinsi, Natoli &amp; Co et le laboratoire Oenoconseil ont mis au point des assemblages fins des diff\u00e9rents crus de miel et adapt\u00e9 le savoir-faire traditionnel des terroirs fran\u00e7ais \u00e0 une large gamme d\u2019hydromels \u0153nologiques.\n\nCeux-ci interviennent tout au long du processus de fabrication (fermentation ma\u00eetris\u00e9e, stabilisation limitant l\u2019utilisation des sulfites, \u00e9levage, clarification) et contr\u00f4lent chaque \u00e9tape par des analyses, dans un souci permanent de pr\u00e9cision et de qualit\u00e9 gustative.<\/div>\r\n         \r\n         \r\n      <\/div>\r\n   <\/div>\r\n<\/div>\t\t\t\t<\/div>\n\t\t\t\t<\/div>\n\t\t\t\t\t<\/div>\n\t\t<\/div>\n\t\t\t\t<div class=\"elementor-column elementor-col-50 elementor-top-column elementor-element elementor-element-bda471b\" data-id=\"bda471b\" data-element_type=\"column\" data-e-type=\"column\">\n\t\t\t<div class=\"elementor-widget-wrap elementor-element-populated\">\n\t\t\t\t\t\t<div class=\"elementor-element elementor-element-663b23b elementor-widget__width-initial elementor-absolute e-transform elementor-widget elementor-widget-gva-image-content\" data-id=\"663b23b\" data-element_type=\"widget\" data-e-type=\"widget\" data-settings=\"{&quot;_position&quot;:&quot;absolute&quot;,&quot;_transform_translateX_effect&quot;:{&quot;unit&quot;:&quot;%&quot;,&quot;size&quot;:-50,&quot;sizes&quot;:[]},&quot;_transform_translateX_effect_tablet&quot;:{&quot;unit&quot;:&quot;%&quot;,&quot;size&quot;:&quot;&quot;,&quot;sizes&quot;:[]},&quot;_transform_translateX_effect_mobile&quot;:{&quot;unit&quot;:&quot;%&quot;,&quot;size&quot;:&quot;&quot;,&quot;sizes&quot;:[]},&quot;_transform_translateY_effect&quot;:{&quot;unit&quot;:&quot;%&quot;,&quot;size&quot;:-50,&quot;sizes&quot;:[]},&quot;_transform_translateY_effect_tablet&quot;:{&quot;unit&quot;:&quot;%&quot;,&quot;size&quot;:&quot;&quot;,&quot;sizes&quot;:[]},&quot;_transform_translateY_effect_mobile&quot;:{&quot;unit&quot;:&quot;%&quot;,&quot;size&quot;:&quot;&quot;,&quot;sizes&quot;:[]}}\" data-widget_type=\"gva-image-content.default\">\n\t\t\t\t<div class=\"elementor-widget-container\">\n\t\t\t\t\t<div class=\"gva-element-gva-image-content gva-element\">\t\t\r\n\t  \r\n\t \r\n\r\n\t \r\n\r\n\t\r\n  \t<div class=\"gsc-image-content skin-v4\">\r\n\t \t<div class=\"box-content\">\r\n\t\t\t<div class=\"content-inner\">\r\n\t\t\t\t\t\t\t\t\t<h2 class=\"title\">\r\n\t\t\t\t\t\tHydromel Oenologique\t\t\t\t\t<\/h2>\r\n\t\t\t\t\r\n\t\t\t\t\t\t\t\t\t<div class=\"image\">\r\n\t\t\t\t\t\t <img fetchpriority=\"high\" decoding=\"async\" width=\"1590\" height=\"2180\" src=\"https:\/\/closdessentinelles.com\/wp-content\/uploads\/2024\/12\/100_0797-scaled-e1735250841534.jpg\" class=\"attachment-full size-full wp-image-1853\" alt=\"\" srcset=\"https:\/\/closdessentinelles.com\/wp-content\/uploads\/2024\/12\/100_0797-scaled-e1735250841534.jpg 1590w, https:\/\/closdessentinelles.com\/wp-content\/uploads\/2024\/12\/100_0797-scaled-e1735250841534-747x1024.jpg 747w, https:\/\/closdessentinelles.com\/wp-content\/uploads\/2024\/12\/100_0797-scaled-e1735250841534-768x1053.jpg 768w, https:\/\/closdessentinelles.com\/wp-content\/uploads\/2024\/12\/100_0797-scaled-e1735250841534-600x823.jpg 600w\" sizes=\"(max-width: 1590px) 100vw, 1590px\" \/>\t\t\t\t\t<\/div>\r\n\t\t\t\t \r\n\t\t\t\t<div class=\"desc\">Alexandre Sintes<\/div>\r\n\t\t\t\t\r\n\t\t\t<\/div>\t\r\n\t \t<\/div>  \r\n  <\/div>\r\n \r\n  \r\n\r\n \r\n\r\n <\/div>\t\t\t\t<\/div>\n\t\t\t\t<\/div>\n\t\t\t\t<section class=\"elementor-section elementor-inner-section elementor-element elementor-element-2e72efe elementor-section-boxed elementor-section-height-default elementor-section-height-default shape-bg-top-no shape-bg-bottom-no\" data-id=\"2e72efe\" data-element_type=\"section\" data-e-type=\"section\">\n\t\t\t\t\t\t<div class=\"elementor-container elementor-column-gap-default\">\n\t\t\t\t\t<div class=\"elementor-column elementor-col-50 elementor-inner-column elementor-element elementor-element-d4a79f3\" data-id=\"d4a79f3\" data-element_type=\"column\" data-e-type=\"column\">\n\t\t\t<div class=\"elementor-widget-wrap elementor-element-populated\">\n\t\t\t\t\t\t<div class=\"elementor-element elementor-element-c5eeba7 elementor-widget elementor-widget-image\" data-id=\"c5eeba7\" data-element_type=\"widget\" data-e-type=\"widget\" data-widget_type=\"image.default\">\n\t\t\t\t<div class=\"elementor-widget-container\">\n\t\t\t\t\t\t\t\t\t\t\t\t\t\t\t<img decoding=\"async\" width=\"725\" height=\"1024\" src=\"https:\/\/closdessentinelles.com\/wp-content\/uploads\/2024\/11\/DSC3038-scaled-e1732567419305-725x1024.jpg\" class=\"attachment-large size-large wp-image-1619\" alt=\"\" srcset=\"https:\/\/closdessentinelles.com\/wp-content\/uploads\/2024\/11\/DSC3038-scaled-e1732567419305-725x1024.jpg 725w, https:\/\/closdessentinelles.com\/wp-content\/uploads\/2024\/11\/DSC3038-scaled-e1732567419305-768x1085.jpg 768w, https:\/\/closdessentinelles.com\/wp-content\/uploads\/2024\/11\/DSC3038-scaled-e1732567419305-600x847.jpg 600w, https:\/\/closdessentinelles.com\/wp-content\/uploads\/2024\/11\/DSC3038-scaled-e1732567419305.jpg 1230w\" sizes=\"(max-width: 725px) 100vw, 725px\" \/>\t\t\t\t\t\t\t\t\t\t\t\t\t\t\t<\/div>\n\t\t\t\t<\/div>\n\t\t\t\t\t<\/div>\n\t\t<\/div>\n\t\t\t\t<div class=\"elementor-column elementor-col-50 elementor-inner-column elementor-element elementor-element-4b110eb\" data-id=\"4b110eb\" data-element_type=\"column\" data-e-type=\"column\">\n\t\t\t<div class=\"elementor-widget-wrap elementor-element-populated\">\n\t\t\t\t\t\t<div class=\"elementor-element elementor-element-038a6f1 elementor-widget elementor-widget-image\" data-id=\"038a6f1\" data-element_type=\"widget\" data-e-type=\"widget\" data-widget_type=\"image.default\">\n\t\t\t\t<div class=\"elementor-widget-container\">\n\t\t\t\t\t\t\t\t\t\t\t\t\t\t\t<img decoding=\"async\" width=\"1703\" height=\"2560\" src=\"https:\/\/closdessentinelles.com\/wp-content\/uploads\/2024\/12\/DSC3945-scaled.jpg\" class=\"attachment-full size-full wp-image-1830\" alt=\"\" srcset=\"https:\/\/closdessentinelles.com\/wp-content\/uploads\/2024\/12\/DSC3945-scaled.jpg 1703w, https:\/\/closdessentinelles.com\/wp-content\/uploads\/2024\/12\/DSC3945-681x1024.jpg 681w, https:\/\/closdessentinelles.com\/wp-content\/uploads\/2024\/12\/DSC3945-768x1154.jpg 768w, https:\/\/closdessentinelles.com\/wp-content\/uploads\/2024\/12\/DSC3945-600x902.jpg 600w\" sizes=\"(max-width: 1703px) 100vw, 1703px\" \/>\t\t\t\t\t\t\t\t\t\t\t\t\t\t\t<\/div>\n\t\t\t\t<\/div>\n\t\t\t\t\t<\/div>\n\t\t<\/div>\n\t\t\t\t\t<\/div>\n\t\t<\/section>\n\t\t\t\t<section class=\"elementor-section elementor-inner-section elementor-element elementor-element-c6294f1 elementor-section-boxed elementor-section-height-default elementor-section-height-default shape-bg-top-no shape-bg-bottom-no\" data-id=\"c6294f1\" data-element_type=\"section\" data-e-type=\"section\">\n\t\t\t\t\t\t<div class=\"elementor-container elementor-column-gap-default\">\n\t\t\t\t\t<div class=\"elementor-column elementor-col-50 elementor-inner-column elementor-element elementor-element-9291c4a\" data-id=\"9291c4a\" data-element_type=\"column\" data-e-type=\"column\">\n\t\t\t<div class=\"elementor-widget-wrap elementor-element-populated\">\n\t\t\t\t\t\t<div class=\"elementor-element elementor-element-decaa71 elementor-widget elementor-widget-image\" data-id=\"decaa71\" data-element_type=\"widget\" data-e-type=\"widget\" data-widget_type=\"image.default\">\n\t\t\t\t<div class=\"elementor-widget-container\">\n\t\t\t\t\t\t\t\t\t\t\t\t\t\t\t<img loading=\"lazy\" decoding=\"async\" width=\"900\" height=\"675\" src=\"https:\/\/closdessentinelles.com\/wp-content\/uploads\/2024\/11\/1-DSC01801-1024x768.jpg\" class=\"attachment-large size-large wp-image-1586\" alt=\"\" srcset=\"https:\/\/closdessentinelles.com\/wp-content\/uploads\/2024\/11\/1-DSC01801-1024x768.jpg 1024w, https:\/\/closdessentinelles.com\/wp-content\/uploads\/2024\/11\/1-DSC01801-768x576.jpg 768w, https:\/\/closdessentinelles.com\/wp-content\/uploads\/2024\/11\/1-DSC01801-580x435.jpg 580w, https:\/\/closdessentinelles.com\/wp-content\/uploads\/2024\/11\/1-DSC01801-600x450.jpg 600w\" sizes=\"(max-width: 900px) 100vw, 900px\" \/>\t\t\t\t\t\t\t\t\t\t\t\t\t\t\t<\/div>\n\t\t\t\t<\/div>\n\t\t\t\t\t<\/div>\n\t\t<\/div>\n\t\t\t\t<div class=\"elementor-column elementor-col-50 elementor-inner-column elementor-element elementor-element-b41af9f\" data-id=\"b41af9f\" data-element_type=\"column\" data-e-type=\"column\">\n\t\t\t<div class=\"elementor-widget-wrap elementor-element-populated\">\n\t\t\t\t\t\t<div class=\"elementor-element elementor-element-4870e64 elementor-widget__width-initial elementor-widget elementor-widget-image\" data-id=\"4870e64\" data-element_type=\"widget\" data-e-type=\"widget\" data-widget_type=\"image.default\">\n\t\t\t\t<div class=\"elementor-widget-container\">\n\t\t\t\t\t\t\t\t\t\t\t\t\t\t\t<img loading=\"lazy\" decoding=\"async\" width=\"908\" height=\"338\" src=\"https:\/\/closdessentinelles.com\/wp-content\/uploads\/2024\/11\/acceuilclos-slider03.jpg\" class=\"attachment-full size-full wp-image-1585\" alt=\"\" srcset=\"https:\/\/closdessentinelles.com\/wp-content\/uploads\/2024\/11\/acceuilclos-slider03.jpg 908w, https:\/\/closdessentinelles.com\/wp-content\/uploads\/2024\/11\/acceuilclos-slider03-768x286.jpg 768w, https:\/\/closdessentinelles.com\/wp-content\/uploads\/2024\/11\/acceuilclos-slider03-600x223.jpg 600w\" sizes=\"(max-width: 908px) 100vw, 908px\" \/>\t\t\t\t\t\t\t\t\t\t\t\t\t\t\t<\/div>\n\t\t\t\t<\/div>\n\t\t\t\t\t<\/div>\n\t\t<\/div>\n\t\t\t\t\t<\/div>\n\t\t<\/section>\n\t\t\t\t\t<\/div>\n\t\t<\/div>\n\t\t\t\t\t<\/div>\n\t\t<\/section>\n\t\t\t\t<section class=\"elementor-section elementor-top-section elementor-element elementor-element-fbc4ed0 elementor-section-boxed elementor-section-height-default elementor-section-height-default shape-bg-top-no shape-bg-bottom-no\" data-id=\"fbc4ed0\" data-element_type=\"section\" data-e-type=\"section\">\n\t\t\t\t\t\t<div class=\"elementor-container elementor-column-gap-default\">\n\t\t\t\t\t<div class=\"elementor-column elementor-col-100 elementor-top-column elementor-element elementor-element-d5002f3\" data-id=\"d5002f3\" data-element_type=\"column\" data-e-type=\"column\">\n\t\t\t<div class=\"elementor-widget-wrap elementor-element-populated\">\n\t\t\t\t\t\t<div class=\"elementor-element elementor-element-f3d140d elementor-widget elementor-widget-heading\" data-id=\"f3d140d\" data-element_type=\"widget\" data-e-type=\"widget\" data-widget_type=\"heading.default\">\n\t\t\t\t<div class=\"elementor-widget-container\">\n\t\t\t\t\t<h3 class=\"elementor-heading-title elementor-size-default\">Notre gamme d'Hydromel<\/h3>\t\t\t\t<\/div>\n\t\t\t\t<\/div>\n\t\t\t\t<div class=\"elementor-element elementor-element-ef7d8e2 elementor-widget elementor-widget-image-gallery\" data-id=\"ef7d8e2\" data-element_type=\"widget\" data-e-type=\"widget\" data-widget_type=\"image-gallery.default\">\n\t\t\t\t<div class=\"elementor-widget-container\">\n\t\t\t\t\t\t\t<div class=\"elementor-image-gallery\">\n\t\t\t\n\t\t<style type=\"text\/css\">\n\t\t\t#gallery-1 {\n\t\t\t\tmargin: auto;\n\t\t\t}\n\t\t\t#gallery-1 .gallery-item {\n\t\t\t\tfloat: left;\n\t\t\t\tmargin-top: 10px;\n\t\t\t\ttext-align: center;\n\t\t\t\twidth: 25%;\n\t\t\t}\n\t\t\t#gallery-1 img {\n\t\t\t\tborder: 2px solid #cfcfcf;\n\t\t\t}\n\t\t\t#gallery-1 .gallery-caption {\n\t\t\t\tmargin-left: 0;\n\t\t\t}\n\t\t\t\/* see gallery_shortcode() in wp-includes\/media.php *\/\n\t\t<\/style>\n\t\t<div id='gallery-1' class='gallery galleryid-21 gallery-columns-4 gallery-size-thumbnail'><dl class='gallery-item'>\n\t\t\t<dt class='gallery-icon portrait'>\n\t\t\t\t<a data-elementor-open-lightbox=\"yes\" data-elementor-lightbox-slideshow=\"ef7d8e2\" data-elementor-lightbox-title=\"CLOS DES SENTINELLES\" data-e-action-hash=\"#elementor-action%3Aaction%3Dlightbox%26settings%3DeyJpZCI6MjIzOCwidXJsIjoiaHR0cHM6XC9cL2Nsb3NkZXNzZW50aW5lbGxlcy5jb21cL3dwLWNvbnRlbnRcL3VwbG9hZHNcLzIwMjRcLzEyXC9DTE9TLURFUy1TRU5USU5FTExFUy1zY2FsZWQtZTE3MzU1MDc0OTA4NzYuanBnIiwic2xpZGVzaG93IjoiZWY3ZDhlMiJ9\" href='https:\/\/closdessentinelles.com\/wp-content\/uploads\/2024\/12\/CLOS-DES-SENTINELLES-scaled-e1735507490876.jpg'><img loading=\"lazy\" decoding=\"async\" width=\"175\" height=\"175\" src=\"https:\/\/closdessentinelles.com\/wp-content\/uploads\/2024\/12\/CLOS-DES-SENTINELLES-scaled-e1735507490876-175x175.jpg\" class=\"attachment-thumbnail size-thumbnail\" alt=\"\" aria-describedby=\"gallery-1-2238\" srcset=\"https:\/\/closdessentinelles.com\/wp-content\/uploads\/2024\/12\/CLOS-DES-SENTINELLES-scaled-e1735507490876-175x175.jpg 175w, https:\/\/closdessentinelles.com\/wp-content\/uploads\/2024\/12\/CLOS-DES-SENTINELLES-scaled-e1735507490876-300x300.jpg 300w, https:\/\/closdessentinelles.com\/wp-content\/uploads\/2024\/12\/CLOS-DES-SENTINELLES-scaled-e1735507490876-180x180.jpg 180w\" sizes=\"(max-width: 175px) 100vw, 175px\" \/><\/a>\n\t\t\t<\/dt>\n\t\t\t\t<dd class='wp-caption-text gallery-caption' id='gallery-1-2238'>\n\t\t\t\tHydromel P\u00e9tillant : Impertinent\n\t\t\t\t<\/dd><\/dl><dl class='gallery-item'>\n\t\t\t<dt class='gallery-icon portrait'>\n\t\t\t\t<a data-elementor-open-lightbox=\"yes\" data-elementor-lightbox-slideshow=\"ef7d8e2\" data-elementor-lightbox-title=\"image-inn\u00e9e rogn\u00e9RVB\" data-e-action-hash=\"#elementor-action%3Aaction%3Dlightbox%26settings%3DeyJpZCI6MTg5MywidXJsIjoiaHR0cHM6XC9cL2Nsb3NkZXNzZW50aW5lbGxlcy5jb21cL3dwLWNvbnRlbnRcL3VwbG9hZHNcLzIwMjRcLzEyXC9pbWFnZS1pbm5lZS1yb2duZVJWQi5wbmciLCJzbGlkZXNob3ciOiJlZjdkOGUyIn0%3D\" href='https:\/\/closdessentinelles.com\/wp-content\/uploads\/2024\/12\/image-innee-rogneRVB.png'><img loading=\"lazy\" decoding=\"async\" width=\"175\" height=\"175\" src=\"https:\/\/closdessentinelles.com\/wp-content\/uploads\/2024\/12\/image-innee-rogneRVB-175x175.png\" class=\"attachment-thumbnail size-thumbnail\" alt=\"\" aria-describedby=\"gallery-1-1893\" srcset=\"https:\/\/closdessentinelles.com\/wp-content\/uploads\/2024\/12\/image-innee-rogneRVB-175x175.png 175w, https:\/\/closdessentinelles.com\/wp-content\/uploads\/2024\/12\/image-innee-rogneRVB-300x300.png 300w, https:\/\/closdessentinelles.com\/wp-content\/uploads\/2024\/12\/image-innee-rogneRVB-180x180.png 180w\" sizes=\"(max-width: 175px) 100vw, 175px\" \/><\/a>\n\t\t\t<\/dt>\n\t\t\t\t<dd class='wp-caption-text gallery-caption' id='gallery-1-1893'>\n\t\t\t\tHydromel Moelleux : Image in\u00e9e\n\t\t\t\t<\/dd><\/dl><dl class='gallery-item'>\n\t\t\t<dt class='gallery-icon portrait'>\n\t\t\t\t<a data-elementor-open-lightbox=\"yes\" data-elementor-lightbox-slideshow=\"ef7d8e2\" data-elementor-lightbox-title=\"Immuable rogn\u00e9-RVB\" data-e-action-hash=\"#elementor-action%3Aaction%3Dlightbox%26settings%3DeyJpZCI6MTg5OCwidXJsIjoiaHR0cHM6XC9cL2Nsb3NkZXNzZW50aW5lbGxlcy5jb21cL3dwLWNvbnRlbnRcL3VwbG9hZHNcLzIwMjRcLzEyXC9JbW11YWJsZS1yb2duZS1SVkItZTE3MzUyMTMyODYyNDIucG5nIiwic2xpZGVzaG93IjoiZWY3ZDhlMiJ9\" href='https:\/\/closdessentinelles.com\/wp-content\/uploads\/2024\/12\/Immuable-rogne-RVB-e1735213286242.png'><img loading=\"lazy\" decoding=\"async\" width=\"175\" height=\"175\" src=\"https:\/\/closdessentinelles.com\/wp-content\/uploads\/2024\/12\/Immuable-rogne-RVB-e1735213286242-175x175.png\" class=\"attachment-thumbnail size-thumbnail\" alt=\"\" aria-describedby=\"gallery-1-1898\" srcset=\"https:\/\/closdessentinelles.com\/wp-content\/uploads\/2024\/12\/Immuable-rogne-RVB-e1735213286242-175x175.png 175w, https:\/\/closdessentinelles.com\/wp-content\/uploads\/2024\/12\/Immuable-rogne-RVB-e1735213286242-300x300.png 300w, https:\/\/closdessentinelles.com\/wp-content\/uploads\/2024\/12\/Immuable-rogne-RVB-e1735213286242-180x180.png 180w\" sizes=\"(max-width: 175px) 100vw, 175px\" \/><\/a>\n\t\t\t<\/dt>\n\t\t\t\t<dd class='wp-caption-text gallery-caption' id='gallery-1-1898'>\n\t\t\t\tHydromel Demi-sec : Immuable\n\t\t\t\t<\/dd><\/dl><dl class='gallery-item'>\n\t\t\t<dt class='gallery-icon portrait'>\n\t\t\t\t<a data-elementor-open-lightbox=\"yes\" data-elementor-lightbox-slideshow=\"ef7d8e2\" data-elementor-lightbox-title=\"Immoral 2 rogn\u00e9RVB\" data-e-action-hash=\"#elementor-action%3Aaction%3Dlightbox%26settings%3DeyJpZCI6MTg5NCwidXJsIjoiaHR0cHM6XC9cL2Nsb3NkZXNzZW50aW5lbGxlcy5jb21cL3dwLWNvbnRlbnRcL3VwbG9hZHNcLzIwMjRcLzEyXC9JbW1vcmFsLTItcm9nbmVSVkIucG5nIiwic2xpZGVzaG93IjoiZWY3ZDhlMiJ9\" href='https:\/\/closdessentinelles.com\/wp-content\/uploads\/2024\/12\/Immoral-2-rogneRVB.png'><img loading=\"lazy\" decoding=\"async\" width=\"175\" height=\"175\" src=\"https:\/\/closdessentinelles.com\/wp-content\/uploads\/2024\/12\/Immoral-2-rogneRVB-175x175.png\" class=\"attachment-thumbnail size-thumbnail\" alt=\"\" aria-describedby=\"gallery-1-1894\" srcset=\"https:\/\/closdessentinelles.com\/wp-content\/uploads\/2024\/12\/Immoral-2-rogneRVB-175x175.png 175w, https:\/\/closdessentinelles.com\/wp-content\/uploads\/2024\/12\/Immoral-2-rogneRVB-300x300.png 300w, https:\/\/closdessentinelles.com\/wp-content\/uploads\/2024\/12\/Immoral-2-rogneRVB-180x180.png 180w\" sizes=\"(max-width: 175px) 100vw, 175px\" \/><\/a>\n\t\t\t<\/dt>\n\t\t\t\t<dd class='wp-caption-text gallery-caption' id='gallery-1-1894'>\n\t\t\t\tHydromel Moelleux : Imoral\n\t\t\t\t<\/dd><\/dl><br style=\"clear: both\" \/>\n\t\t<\/div>\n\t\t<\/div>\n\t\t\t\t\t\t<\/div>\n\t\t\t\t<\/div>\n\t\t\t\t\t<\/div>\n\t\t<\/div>\n\t\t\t\t\t<\/div>\n\t\t<\/section>\n\t\t\t\t<section class=\"elementor-section elementor-top-section elementor-element elementor-element-64e3045 elementor-section-boxed elementor-section-height-default elementor-section-height-default shape-bg-top-no shape-bg-bottom-no\" data-id=\"64e3045\" data-element_type=\"section\" data-e-type=\"section\">\n\t\t\t\t\t\t<div class=\"elementor-container elementor-column-gap-default\">\n\t\t\t\t\t<div class=\"elementor-column elementor-col-100 elementor-top-column elementor-element elementor-element-34a9f95\" data-id=\"34a9f95\" data-element_type=\"column\" data-e-type=\"column\">\n\t\t\t<div class=\"elementor-widget-wrap elementor-element-populated\">\n\t\t\t\t\t\t<div class=\"elementor-element elementor-element-9b92438 elementor-widget elementor-widget-gva-career-block\" data-id=\"9b92438\" data-element_type=\"widget\" data-e-type=\"widget\" data-widget_type=\"gva-career-block.default\">\n\t\t\t\t<div class=\"elementor-widget-container\">\n\t\t\t\t\t<div class=\"gva-element-gva-career-block gva-element\">   <div class=\"gsc-career\">\r\n\r\n      <div class=\"box-content clearfix\">\r\n                  \r\n                     <h2 class=\"title\">\r\n              Technique de \"Vinification\" de l'hydromel :            <\/h2>\r\n         \r\n         <div class=\"box-information clearfix\">\r\n            <ul>\r\n                                 <li class=\"job-company\">\r\n                     <i class=\"icon fa fa-suitcase\"><\/i>\r\n                     Clos des Sentinelles                  <\/li>\r\n                                                <li class=\"job-address\">\r\n                     <i class=\"icon fas fa-map-marker-alt\"><\/i>\r\n                     Viols-le-Fort, France                  <\/li>\r\n                           <\/ul>\r\n         <\/div>\r\n\r\n         <div class=\"job-desc\">La transformation commence par le choix des diff\u00e9rents miels qui serviront \u00e0 l\u2019\u00e9laboration de la cuv\u00e9e. En fonction des profils aromatiques recherch\u00e9s, nous s\u00e9lectionnons un assemblage de miels d\u2019origines vari\u00e9es : nectars de fleurs et zones g\u00e9ographiques. La phase suivante, d\u00e9licate, consiste en l\u2019assemblage de l\u2019eau et de la quantit\u00e9 exacte de miel en fonction de l\u2019\u00e9quilibre sucres\/alcool recherch\u00e9. La fermentation alcoolique se d\u00e9roule ensuite gr\u00e2ce \u00e0 des levures s\u00e9lectionn\u00e9es parmi les levures \u0153nologiques pour leurs capacit\u00e9s fermentaires et l\u2019orientation aromatique qu\u2019elles procurent (finesse, respect des pr\u00e9curseurs aromatiques des miels). La fermentation est r\u00e9alis\u00e9e en cuve inox avec une r\u00e9gulation de la temp\u00e9rature pour une fermentation lente, propice \u00e0 l\u2019expression aromatique de l\u2019hydromel.<\/div>\r\n         \r\n\r\n      <\/div>   \r\n   <\/div>\r\n<\/div>\t\t\t\t<\/div>\n\t\t\t\t<\/div>\n\t\t\t\t\t<\/div>\n\t\t<\/div>\n\t\t\t\t\t<\/div>\n\t\t<\/section>\n\t\t\t\t<\/div>\n\t\t","protected":false},"excerpt":{"rendered":"<p>Clos des Sentinelles Miel Biologique &amp; Hydromel \u0153nologique Clos des Sentinelles La science du vin au service de l\u2019hydromel Clos des Sentinelles collabore avec des \u0153nologues et des ing\u00e9nieurs agronomes [&hellip;]<\/p>\n","protected":false},"author":1,"featured_media":0,"parent":0,"menu_order":0,"comment_status":"closed","ping_status":"closed","template":"","meta":{"content-type":"","inline_featured_image":false,"footnotes":""},"class_list":["post-21","page","type-page","status-publish","hentry"],"_links":{"self":[{"href":"https:\/\/closdessentinelles.com\/index.php\/wp-json\/wp\/v2\/pages\/21","targetHints":{"allow":["GET"]}}],"collection":[{"href":"https:\/\/closdessentinelles.com\/index.php\/wp-json\/wp\/v2\/pages"}],"about":[{"href":"https:\/\/closdessentinelles.com\/index.php\/wp-json\/wp\/v2\/types\/page"}],"author":[{"embeddable":true,"href":"https:\/\/closdessentinelles.com\/index.php\/wp-json\/wp\/v2\/users\/1"}],"replies":[{"embeddable":true,"href":"https:\/\/closdessentinelles.com\/index.php\/wp-json\/wp\/v2\/comments?post=21"}],"version-history":[{"count":39,"href":"https:\/\/closdessentinelles.com\/index.php\/wp-json\/wp\/v2\/pages\/21\/revisions"}],"predecessor-version":[{"id":2296,"href":"https:\/\/closdessentinelles.com\/index.php\/wp-json\/wp\/v2\/pages\/21\/revisions\/2296"}],"wp:attachment":[{"href":"https:\/\/closdessentinelles.com\/index.php\/wp-json\/wp\/v2\/media?parent=21"}],"curies":[{"name":"wp","href":"https:\/\/api.w.org\/{rel}","templated":true}]}}