{"id":1859,"date":"2024-12-26T03:22:55","date_gmt":"2024-12-26T02:22:55","guid":{"rendered":"https:\/\/closdessentinelles.com\/?page_id=1859"},"modified":"2025-01-03T23:48:22","modified_gmt":"2025-01-03T22:48:22","slug":"hydromel-cuvee-immoral","status":"publish","type":"page","link":"https:\/\/closdessentinelles.com\/index.php\/hydromel-cuvee-immoral\/","title":{"rendered":"Hydromel cuv\u00e9e &#8220;immoral&#8221;"},"content":{"rendered":"\t\t<div data-elementor-type=\"wp-page\" data-elementor-id=\"1859\" class=\"elementor elementor-1859\">\n\t\t\t\t\t\t<section class=\"elementor-section elementor-top-section elementor-element elementor-element-2f52318 elementor-section-boxed elementor-section-height-default elementor-section-height-default shape-bg-top-no\" data-id=\"2f52318\" data-element_type=\"section\" data-e-type=\"section\" data-settings=\"{&quot;background_background&quot;:&quot;classic&quot;}\">\n\t\t\t\t\t\t<div class=\"elementor-container elementor-column-gap-default\">\n\t\t\t\t\t<div class=\"elementor-column elementor-col-100 elementor-top-column elementor-element elementor-element-9adbccd\" data-id=\"9adbccd\" data-element_type=\"column\" data-e-type=\"column\">\n\t\t\t<div class=\"elementor-widget-wrap elementor-element-populated\">\n\t\t\t\t\t\t<div class=\"elementor-element elementor-element-6e130fb elementor-widget elementor-widget-gva-heading-block\" data-id=\"6e130fb\" data-element_type=\"widget\" data-e-type=\"widget\" data-widget_type=\"gva-heading-block.default\">\n\t\t\t\t<div class=\"elementor-widget-container\">\n\t\t\t\t\t<div class=\"gva-element-gva-heading-block gva-element\">   <div class=\"align-left style-3 widget gsc-heading box-align-left auto-responsive\">\r\n      <div class=\"content-inner\">\r\n         \r\n                  \r\n           \r\n         \r\n                     <h2 class=\"title\">\r\n               <span>Hydromel Moelleux, cuv\u00e9e \"immoral\"<\/span>\r\n            <\/h2>\r\n                              <div class=\"title-desc\"><span>Immoral : P\u00e9ch\u00e9 de douceur, \u00e9l\u00e9gance sans remords<\/span><\/div>\r\n         \r\n         \r\n      <\/div>\r\n   <\/div>\r\n<\/div>\t\t\t\t<\/div>\n\t\t\t\t<\/div>\n\t\t\t\t<div class=\"elementor-element elementor-element-9bbfcae elementor-widget__width-initial elementor-widget elementor-widget-gva-icon-box-styles\" data-id=\"9bbfcae\" data-element_type=\"widget\" data-e-type=\"widget\" data-widget_type=\"gva-icon-box-styles.default\">\n\t\t\t\t<div class=\"elementor-widget-container\">\n\t\t\t\t\t<div class=\"gva-element-gva-icon-box-styles gva-element\">\r\n   \r\n               <div class=\"widget gsc-icon-box-styles style-3 \">\r\n         <div class=\"icon-box-content\">\r\n           \r\n                           <div class=\"icon-inner\">\r\n                  <span class=\"box-icon\">\r\n                     <i aria-hidden=\"true\" class=\"far fa-file-pdf\"><\/i> \r\n                  <\/span>\r\n               <\/div>\r\n            \r\n            <div class=\"box-content\">\r\n                                                <div class=\"desc\">.<\/div>\r\n                           <\/div>\r\n         <\/div> \r\n         \t\t  <a href=\"https:\/\/closdessentinelles.com\/wp-content\/uploads\/2025\/01\/fiches-produit2024-immoral.pdf\" class=\"link-overlay\" target=\"_blank\">\r\n\t\t\t \t\t  <\/a>\r\n\t\t        <\/div>   \r\n   <\/div>\t\t\t\t<\/div>\n\t\t\t\t<\/div>\n\t\t\t\t\t<\/div>\n\t\t<\/div>\n\t\t\t\t\t<\/div>\n\t\t<\/section>\n\t\t\t\t<section class=\"elementor-section elementor-top-section elementor-element elementor-element-0267d79 shape-bg-top-yes elementor-section-boxed elementor-section-height-default elementor-section-height-default shape-bg-bottom-no\" data-id=\"0267d79\" data-element_type=\"section\" data-e-type=\"section\">\n\t\t\t\t\t\t<div class=\"elementor-container elementor-column-gap-default\">\n\t\t\t\t\t<div class=\"elementor-column elementor-col-50 elementor-top-column elementor-element elementor-element-0139ff4\" data-id=\"0139ff4\" data-element_type=\"column\" data-e-type=\"column\">\n\t\t\t<div class=\"elementor-widget-wrap elementor-element-populated\">\n\t\t\t\t\t\t<div class=\"elementor-element elementor-element-2efa7b4 elementor-widget elementor-widget-gva-gallery\" data-id=\"2efa7b4\" data-element_type=\"widget\" data-e-type=\"widget\" data-widget_type=\"gva-gallery.default\">\n\t\t\t\t<div class=\"elementor-widget-container\">\n\t\t\t\t\t<div class=\"gva-element-gva-gallery gva-element\">\r\n<div class=\"gva-gallery-carousel swiper-slider-wrapper style-1 \">\r\n\t<div class=\"swiper-content-inner\">\r\n   \t<div class=\"init-carousel-swiper swiper\" data-carousel=\"{&quot;items&quot;:1,&quot;items_lg&quot;:1,&quot;items_md&quot;:1,&quot;items_sm&quot;:1,&quot;items_xs&quot;:1,&quot;items_xx&quot;:1,&quot;effect&quot;:&quot;coverflow&quot;,&quot;space_between&quot;:30,&quot;loop&quot;:1,&quot;speed&quot;:600,&quot;autoplay&quot;:1,&quot;autoplay_delay&quot;:4500,&quot;autoplay_hover&quot;:1,&quot;navigation&quot;:1,&quot;pagination&quot;:0,&quot;dynamic_bullets&quot;:0,&quot;pagination_type&quot;:&quot;bullets&quot;}\">\r\n      \t<div class=\"swiper-wrapper\">\r\n\t\t\t\t<div class=\"swiper-slide item\">\r\n<div class=\"gallery-item\">\r\n\r\n               <div class=\"image\">\r\n            <img decoding=\"async\" src=\"https:\/\/closdessentinelles.com\/wp-content\/uploads\/2024\/12\/Cite-immoralV2-RVB-e1735508376853-1024x937.png\" alt=\"\" \/>  \r\n         <\/div>\r\n         <a class=\"photo-gallery\" href=\"https:\/\/closdessentinelles.com\/wp-content\/uploads\/2024\/12\/Cite-immoralV2-RVB-e1735508376853.png\" data-elementor-lightbox-slideshow=\"gallery-7ae1\"><\/a>\r\n      \r\n      <div class=\"image-content\">\r\n         <div class=\"content-inner\">\r\n                                 <\/div>   \r\n      <\/div>\r\n\r\n   <\/div>\r\n<\/div><div class=\"swiper-slide item\">\r\n<div class=\"gallery-item\">\r\n\r\n               <div class=\"image\">\r\n            <img decoding=\"async\" src=\"https:\/\/closdessentinelles.com\/wp-content\/uploads\/2024\/12\/Immoral-2-rogneRVB-993x1024.png\" alt=\"Hydromel Immoral\" \/>  \r\n         <\/div>\r\n         <a class=\"photo-gallery\" href=\"https:\/\/closdessentinelles.com\/wp-content\/uploads\/2024\/12\/Immoral-2-rogneRVB.png\" data-elementor-lightbox-slideshow=\"gallery-7ae1\"><\/a>\r\n      \r\n      <div class=\"image-content\">\r\n         <div class=\"content-inner\">\r\n                           <h3 class=\"title\">Hydromel Immoral<\/h3>\r\n                                       <div class=\"sub-title\">Clos des Sentinelles<\/div>\r\n                     <\/div>   \r\n      <\/div>\r\n\r\n   <\/div>\r\n<\/div>\t\t\t<\/div>\r\n\t\t<\/div>\r\n\t<\/div>\r\n\t<div class=\"swiper-pagination\"><\/div>   <div class=\"swiper-nav-next\"><\/div><div class=\"swiper-nav-prev\"><\/div><\/div>\r\n<\/div>\t\t\t\t<\/div>\n\t\t\t\t<\/div>\n\t\t\t\t<div class=\"elementor-element elementor-element-67b090f elementor-widget elementor-widget-gva-heading-block\" data-id=\"67b090f\" data-element_type=\"widget\" data-e-type=\"widget\" data-widget_type=\"gva-heading-block.default\">\n\t\t\t\t<div class=\"elementor-widget-container\">\n\t\t\t\t\t<div class=\"gva-element-gva-heading-block gva-element\">   <div class=\"align-center style-1 widget gsc-heading box-align-left auto-responsive\">\r\n      <div class=\"content-inner\">\r\n         \r\n                  \r\n           \r\n         \r\n                     <h2 class=\"title\">\r\n               <span>Hydromel cuv\u00e9e \"Immoral\"<\/span>\r\n            <\/h2>\r\n                              <div class=\"title-desc\">Issu des nectars les plus profonds, suc ador\u00e9 de nos abeilles, se retrouvant ainsi invit\u00e9es, tous les sens en \u00e9veil, \u00e0 la partie subtile qui, au sein du calice, se joue entre pistil et \u00e9tamines. <br>Cet hydromel divin appelle le d\u00e9sir\u2026 Est-ce Immoral ?<\/div>\r\n         \r\n         \r\n      <\/div>\r\n   <\/div>\r\n<\/div>\t\t\t\t<\/div>\n\t\t\t\t<\/div>\n\t\t\t\t<div class=\"elementor-element elementor-element-8127c5f elementor-widget elementor-widget-text-editor\" data-id=\"8127c5f\" data-element_type=\"widget\" data-e-type=\"widget\" data-widget_type=\"text-editor.default\">\n\t\t\t\t<div class=\"elementor-widget-container\">\n\t\t\t\t\t\t\t\t\t<p>Robe dor\u00e9e, brillante, aux reflets argent\u00e9s. Quel Eclat ! On retrouve au nez, excusez du peu, les fruits \u00e0 chair jaune : mirabelle, p\u00eache de vigne, mangue fraiche, puis \u00e0 chair rouge : griotte et guigne. Bouche dense et profonde, sans lourdeur, finale originale sur l\u2019amande fraiche et le camphre.<\/p>\t\t\t\t\t\t\t\t<\/div>\n\t\t\t\t<\/div>\n\t\t\t\t<section class=\"elementor-section elementor-inner-section elementor-element elementor-element-07eccdc elementor-section-boxed elementor-section-height-default elementor-section-height-default shape-bg-top-no shape-bg-bottom-no\" data-id=\"07eccdc\" data-element_type=\"section\" data-e-type=\"section\">\n\t\t\t\t\t\t<div class=\"elementor-container elementor-column-gap-default\">\n\t\t\t\t\t<div class=\"elementor-column elementor-col-50 elementor-inner-column elementor-element elementor-element-28c1095\" data-id=\"28c1095\" data-element_type=\"column\" data-e-type=\"column\">\n\t\t\t<div class=\"elementor-widget-wrap elementor-element-populated\">\n\t\t\t\t\t\t<div class=\"elementor-element elementor-element-aa035b0 elementor-view-stacked elementor-position-inline-start icon-box-left elementor-shape-circle elementor-mobile-position-block-start elementor-widget elementor-widget-icon-box\" data-id=\"aa035b0\" data-element_type=\"widget\" data-e-type=\"widget\" data-widget_type=\"icon-box.default\">\n\t\t\t\t<div class=\"elementor-widget-container\">\n\t\t\t\t\t\t\t<div class=\"elementor-icon-box-wrapper\">\n\n\t\t\t\t\t\t<div class=\"elementor-icon-box-icon\">\n\t\t\t\t<span  class=\"elementor-icon\">\n\t\t\t\t<i aria-hidden=\"true\" class=\"fas fa-id-card\"><\/i>\t\t\t\t<\/span>\n\t\t\t<\/div>\n\t\t\t\n\t\t\t\t\t\t<div class=\"elementor-icon-box-content\">\n\n\t\t\t\t\t\t\t\t\t<h3 class=\"elementor-icon-box-title\">\n\t\t\t\t\t\t<span  >\n\t\t\t\t\t\t\tHydromel moelleux 12,5% Vol. -  50 cl.\t\t\t\t\t\t<\/span>\n\t\t\t\t\t<\/h3>\n\t\t\t\t\n\t\t\t\t\n\t\t\t<\/div>\n\t\t\t\n\t\t<\/div>\n\t\t\t\t\t\t<\/div>\n\t\t\t\t<\/div>\n\t\t\t\t<div class=\"elementor-element elementor-element-7e09c4a elementor-view-stacked elementor-position-inline-start icon-box-left elementor-shape-circle elementor-mobile-position-block-start elementor-widget elementor-widget-icon-box\" data-id=\"7e09c4a\" data-element_type=\"widget\" data-e-type=\"widget\" data-widget_type=\"icon-box.default\">\n\t\t\t\t<div class=\"elementor-widget-container\">\n\t\t\t\t\t\t\t<div class=\"elementor-icon-box-wrapper\">\n\n\t\t\t\t\t\t<div class=\"elementor-icon-box-icon\">\n\t\t\t\t<span  class=\"elementor-icon\">\n\t\t\t\t<i aria-hidden=\"true\" class=\"fas fa-utensils\"><\/i>\t\t\t\t<\/span>\n\t\t\t<\/div>\n\t\t\t\n\t\t\t\t\t\t<div class=\"elementor-icon-box-content\">\n\n\t\t\t\t\t\t\t\t\t<h3 class=\"elementor-icon-box-title\">\n\t\t\t\t\t\t<span  >\n\t\t\t\t\t\t\tCet hydromel se suffit \u00e0 lui m\u00eame...\t\t\t\t\t\t<\/span>\n\t\t\t\t\t<\/h3>\n\t\t\t\t\n\t\t\t\t\n\t\t\t<\/div>\n\t\t\t\n\t\t<\/div>\n\t\t\t\t\t\t<\/div>\n\t\t\t\t<\/div>\n\t\t\t\t\t<\/div>\n\t\t<\/div>\n\t\t\t\t<div class=\"elementor-column elementor-col-50 elementor-inner-column elementor-element elementor-element-0285f50\" data-id=\"0285f50\" data-element_type=\"column\" data-e-type=\"column\">\n\t\t\t<div class=\"elementor-widget-wrap elementor-element-populated\">\n\t\t\t\t\t\t<div class=\"elementor-element elementor-element-b64bb98 elementor-view-stacked elementor-position-inline-start icon-box-left elementor-shape-circle elementor-mobile-position-block-start elementor-widget elementor-widget-icon-box\" data-id=\"b64bb98\" data-element_type=\"widget\" data-e-type=\"widget\" data-widget_type=\"icon-box.default\">\n\t\t\t\t<div class=\"elementor-widget-container\">\n\t\t\t\t\t\t\t<div class=\"elementor-icon-box-wrapper\">\n\n\t\t\t\t\t\t<div class=\"elementor-icon-box-icon\">\n\t\t\t\t<span  class=\"elementor-icon\">\n\t\t\t\t<i aria-hidden=\"true\" class=\"fas fa-thermometer-half\"><\/i>\t\t\t\t<\/span>\n\t\t\t<\/div>\n\t\t\t\n\t\t\t\t\t\t<div class=\"elementor-icon-box-content\">\n\n\t\t\t\t\t\t\t\t\t<h3 class=\"elementor-icon-box-title\">\n\t\t\t\t\t\t<span  >\n\t\t\t\t\t\t\tTemp\u00e9rature de d\u00e9gustation : 14\u00b0 C.\t\t\t\t\t\t<\/span>\n\t\t\t\t\t<\/h3>\n\t\t\t\t\n\t\t\t\t\n\t\t\t<\/div>\n\t\t\t\n\t\t<\/div>\n\t\t\t\t\t\t<\/div>\n\t\t\t\t<\/div>\n\t\t\t\t<div class=\"elementor-element elementor-element-f74db8b elementor-view-stacked elementor-position-inline-start icon-box-left elementor-shape-circle elementor-mobile-position-block-start elementor-widget elementor-widget-icon-box\" data-id=\"f74db8b\" data-element_type=\"widget\" data-e-type=\"widget\" data-widget_type=\"icon-box.default\">\n\t\t\t\t<div class=\"elementor-widget-container\">\n\t\t\t\t\t\t\t<div class=\"elementor-icon-box-wrapper\">\n\n\t\t\t\t\t\t<div class=\"elementor-icon-box-icon\">\n\t\t\t\t<span  class=\"elementor-icon\">\n\t\t\t\t<i aria-hidden=\"true\" class=\"fas fa-dna\"><\/i>\t\t\t\t<\/span>\n\t\t\t<\/div>\n\t\t\t\n\t\t\t\t\t\t<div class=\"elementor-icon-box-content\">\n\n\t\t\t\t\t\t\t\t\t<h3 class=\"elementor-icon-box-title\">\n\t\t\t\t\t\t<span  >\n\t\t\t\t\t\t\tMiel de Toutes Fleurs\t\t\t\t\t\t<\/span>\n\t\t\t\t\t<\/h3>\n\t\t\t\t\n\t\t\t\t\n\t\t\t<\/div>\n\t\t\t\n\t\t<\/div>\n\t\t\t\t\t\t<\/div>\n\t\t\t\t<\/div>\n\t\t\t\t\t<\/div>\n\t\t<\/div>\n\t\t\t\t\t<\/div>\n\t\t<\/section>\n\t\t\t\t<div class=\"elementor-element elementor-element-8ee791e elementor-widget elementor-widget-text-editor\" data-id=\"8ee791e\" data-element_type=\"widget\" data-e-type=\"widget\" data-widget_type=\"text-editor.default\">\n\t\t\t\t<div class=\"elementor-widget-container\">\n\t\t\t\t\t\t\t\t\t<p>Alexandre Sintes, apiculteur-r\u00e9coltant passionn\u00e9 du monde des abeilles, a con\u00e7u son exploitation \u00e0 la mani\u00e8re d\u2019un domaine viticole, transformant ainsi son miel en hydromel \u00e0 l\u2019image d\u2019un vigneron. En effet, de la m\u00eame fa\u00e7on que le vin avec le raisin, l\u2019hydromel na\u00eet de la fermentation du miel.<\/p><p>Cette boisson riche, noble et subtile est la r\u00e9compense d\u2019une attention de tout instants et d\u2019un travail rigoureux, ma\u00eetris\u00e9 de bout en bout : du miel jusqu\u2019\u00e0 la \u00ab vinification \u00bb des hydromels.<\/p>\t\t\t\t\t\t\t\t<\/div>\n\t\t\t\t<\/div>\n\t\t\t\t\t<\/div>\n\t\t<\/div>\n\t\t\t\t<div class=\"elementor-column elementor-col-50 elementor-top-column elementor-element elementor-element-cc1778f\" data-id=\"cc1778f\" data-element_type=\"column\" data-e-type=\"column\">\n\t\t\t<div class=\"elementor-widget-wrap elementor-element-populated\">\n\t\t\t\t\t\t<section class=\"elementor-section elementor-inner-section elementor-element elementor-element-8ef0acb elementor-section-boxed elementor-section-height-default elementor-section-height-default shape-bg-top-no shape-bg-bottom-no\" data-id=\"8ef0acb\" data-element_type=\"section\" data-e-type=\"section\" data-settings=\"{&quot;background_background&quot;:&quot;classic&quot;}\">\n\t\t\t\t\t\t\t<div class=\"elementor-background-overlay\"><\/div>\n\t\t\t\t\t\t\t<div class=\"elementor-container elementor-column-gap-default\">\n\t\t\t\t\t<div class=\"elementor-column elementor-col-100 elementor-inner-column elementor-element elementor-element-f51812c\" data-id=\"f51812c\" data-element_type=\"column\" data-e-type=\"column\">\n\t\t\t<div class=\"elementor-widget-wrap elementor-element-populated\">\n\t\t\t\t\t\t<div class=\"elementor-element elementor-element-23354eb elementor-widget elementor-widget-gva-heading-block\" data-id=\"23354eb\" data-element_type=\"widget\" data-e-type=\"widget\" data-widget_type=\"gva-heading-block.default\">\n\t\t\t\t<div class=\"elementor-widget-container\">\n\t\t\t\t\t<div class=\"gva-element-gva-heading-block gva-element\">   <div class=\"align-left style-3 widget gsc-heading box-align-left auto-responsive\">\r\n      <div class=\"content-inner\">\r\n         \r\n                  \r\n           \r\n         \r\n                     <h2 class=\"title\">\r\n               <span>L' Hydromel \u0152nologique  <\/span>\r\n            <\/h2>\r\n                              <div class=\"title-desc\">La science du vin au service de l'hydromel\n<\/div>\r\n         \r\n                     <div class=\"heading-action\">\r\n               \t\t  <a href=\"https:\/\/closdessentinelles.com\/index.php\/about\/\" class=\"btn-cta btn-white btn-medium\">\r\n\t\t\t <span>En savoir plus<\/span>\r\n\t\t  <\/a>\r\n\r\n\t\t              <\/div>\r\n         \r\n      <\/div>\r\n   <\/div>\r\n<\/div>\t\t\t\t<\/div>\n\t\t\t\t<\/div>\n\t\t\t\t\t<\/div>\n\t\t<\/div>\n\t\t\t\t\t<\/div>\n\t\t<\/section>\n\t\t\t\t<div class=\"elementor-element elementor-element-8d28da9 elementor-widget elementor-widget-gva-pricing-block\" data-id=\"8d28da9\" data-element_type=\"widget\" data-e-type=\"widget\" data-widget_type=\"gva-pricing-block.default\">\n\t\t\t\t<div class=\"elementor-widget-container\">\n\t\t\t\t\t<div class=\"gva-element-gva-pricing-block gva-element\">   \r\n<div class=\"widget gsc-pricing style-1 active-no\">\r\n   <div class=\"content-inner\">\r\n\r\n      \r\n               <h3 class=\"title\">\r\n            <span>Prix public conseill\u00e9<\/span>\r\n         <\/h3>\r\n      \r\n      <div class=\"plan-price\">\r\n         <div class=\"plan-price-inner clearfix\">\r\n            <span class=\"currency\"><\/span>\r\n            <span class=\"price\">30 \u20ac<\/span>\r\n                           <span class=\"interval\">\/&nbsp;Bouteille<\/span>\r\n               \r\n         <\/div>\r\n      <\/div>\r\n\r\n      <div class=\"desc\">Hydromel \u0152nologique Cuv\u00e9e &quot;Immoral&quot; - 50 cl.<\/div>\r\n               <ul class=\"plan-list\">\r\n                           <li class=\"active\">\r\n                  <span class=\"text\">Tarif Professionnel, nous contacter<\/span>\r\n               <\/li>  \r\n                     <\/ul>\r\n         \r\n\r\n\r\n         <\/div>\r\n<\/div>\r\n\r\n<div class=\"clearfix\"><\/div>\r\n\r\n<\/div>\t\t\t\t<\/div>\n\t\t\t\t<\/div>\n\t\t\t\t<section class=\"elementor-section elementor-inner-section elementor-element elementor-element-29179a6 elementor-section-boxed elementor-section-height-default elementor-section-height-default shape-bg-top-no shape-bg-bottom-no\" data-id=\"29179a6\" data-element_type=\"section\" data-e-type=\"section\" data-settings=\"{&quot;background_background&quot;:&quot;classic&quot;}\">\n\t\t\t\t\t\t<div class=\"elementor-container elementor-column-gap-default\">\n\t\t\t\t\t<div class=\"elementor-column elementor-col-100 elementor-inner-column elementor-element elementor-element-d9063a9\" data-id=\"d9063a9\" data-element_type=\"column\" data-e-type=\"column\" data-settings=\"{&quot;background_background&quot;:&quot;classic&quot;}\">\n\t\t\t<div class=\"elementor-widget-wrap elementor-element-populated\">\n\t\t\t\t\t\t<div class=\"elementor-element elementor-element-e844374 elementor-widget elementor-widget-gva-icon-box-styles\" data-id=\"e844374\" data-element_type=\"widget\" data-e-type=\"widget\" data-widget_type=\"gva-icon-box-styles.default\">\n\t\t\t\t<div class=\"elementor-widget-container\">\n\t\t\t\t\t<div class=\"gva-element-gva-icon-box-styles gva-element\">\r\n   \r\n               <div class=\"widget gsc-icon-box-styles style-2 active\">\r\n         <div class=\"icon-box-content\">\r\n           \r\n                           <div class=\"icon-inner\">\r\n                  <span class=\"box-icon\">\r\n                     <i aria-hidden=\"true\" class=\" las la-glass-cheers\"><\/i> \r\n                  <\/span>\r\n               <\/div>\r\n            \r\n            <div class=\"box-content\">\r\n                                 <h4 class=\"title\">\r\n                     -20% de REMISE                  <\/h4>\r\n                                                <div class=\"desc\">Offre de Lancement\n\"Impertinent\"<\/div>\r\n                           <\/div>\r\n         <\/div> \r\n         \t\t  <a href=\"https:\/\/closdessentinelles.com\/index.php\/clos-des-sentinelles__trashed\/hydromel-cuvee-impertinent\/\" class=\"link-overlay\">\r\n\t\t\t \t\t  <\/a>\r\n\t\t        <\/div>   \r\n   <\/div>\t\t\t\t<\/div>\n\t\t\t\t<\/div>\n\t\t\t\t<div class=\"elementor-element elementor-element-409cf0f elementor-button-info elementor-align-center elementor-widget elementor-widget-button\" data-id=\"409cf0f\" data-element_type=\"widget\" data-e-type=\"widget\" data-widget_type=\"button.default\">\n\t\t\t\t<div class=\"elementor-widget-container\">\n\t\t\t\t\t\t\t\t\t<div class=\"elementor-button-wrapper\">\n\t\t\t\t\t<a class=\"elementor-button elementor-button-link elementor-size-sm\" href=\"https:\/\/closdessentinelles.com\/index.php\/hydromel-cuvee-impertinent\/%20\">\n\t\t\t\t\t\t<span class=\"elementor-button-content-wrapper\">\n\t\t\t\t\t\t<span class=\"elementor-button-icon\">\n\t\t\t\t<i aria-hidden=\"true\" class=\"fas fa-greater-than\"><\/i>\t\t\t<\/span>\n\t\t\t\t\t\t\t\t\t<span class=\"elementor-button-text\">En savoir plus<\/span>\n\t\t\t\t\t<\/span>\n\t\t\t\t\t<\/a>\n\t\t\t\t<\/div>\n\t\t\t\t\t\t\t\t<\/div>\n\t\t\t\t<\/div>\n\t\t\t\t\t<\/div>\n\t\t<\/div>\n\t\t\t\t\t<\/div>\n\t\t<\/section>\n\t\t\t\t\t<\/div>\n\t\t<\/div>\n\t\t\t\t\t<\/div>\n\t\t<\/section>\n\t\t\t\t<section class=\"elementor-section elementor-top-section elementor-element elementor-element-980b373 elementor-section-boxed elementor-section-height-default elementor-section-height-default shape-bg-top-no shape-bg-bottom-no\" data-id=\"980b373\" data-element_type=\"section\" data-e-type=\"section\">\n\t\t\t\t\t\t<div class=\"elementor-container elementor-column-gap-default\">\n\t\t\t\t\t<div class=\"elementor-column elementor-col-100 elementor-top-column elementor-element elementor-element-af1ccb2\" data-id=\"af1ccb2\" data-element_type=\"column\" data-e-type=\"column\">\n\t\t\t<div class=\"elementor-widget-wrap elementor-element-populated\">\n\t\t\t\t\t\t<div class=\"elementor-element elementor-element-226af12 elementor-widget__width-initial elementor-widget elementor-widget-gva-icon-box-styles\" data-id=\"226af12\" data-element_type=\"widget\" data-e-type=\"widget\" data-widget_type=\"gva-icon-box-styles.default\">\n\t\t\t\t<div class=\"elementor-widget-container\">\n\t\t\t\t\t<div class=\"gva-element-gva-icon-box-styles gva-element\">\r\n   \r\n               <div class=\"widget gsc-icon-box-styles style-3 \">\r\n         <div class=\"icon-box-content\">\r\n           \r\n                           <div class=\"icon-inner\">\r\n                  <span class=\"box-icon\">\r\n                     <i aria-hidden=\"true\" class=\"far fa-file-pdf\"><\/i> \r\n                  <\/span>\r\n               <\/div>\r\n            \r\n            <div class=\"box-content\">\r\n                                                <div class=\"desc\">.<\/div>\r\n                           <\/div>\r\n         <\/div> \r\n         \t\t  <a href=\"https:\/\/closdessentinelles.com\/wp-content\/uploads\/2025\/01\/fiches-produit2024-immoral.pdf\" class=\"link-overlay\" target=\"_blank\">\r\n\t\t\t \t\t  <\/a>\r\n\t\t        <\/div>   \r\n   <\/div>\t\t\t\t<\/div>\n\t\t\t\t<\/div>\n\t\t\t\t\t<\/div>\n\t\t<\/div>\n\t\t\t\t\t<\/div>\n\t\t<\/section>\n\t\t\t\t<\/div>\n\t\t","protected":false},"excerpt":{"rendered":"<p>Hydromel Moelleux, cuv\u00e9e &#8220;immoral&#8221; Immoral : P\u00e9ch\u00e9 de douceur, \u00e9l\u00e9gance sans remords . Hydromel Immoral Clos des Sentinelles Hydromel cuv\u00e9e &#8220;Immoral&#8221; Issu des nectars les plus profonds, suc ador\u00e9 de [&hellip;]<\/p>\n","protected":false},"author":1,"featured_media":0,"parent":0,"menu_order":0,"comment_status":"closed","ping_status":"closed","template":"","meta":{"content-type":"","inline_featured_image":false,"footnotes":""},"class_list":["post-1859","page","type-page","status-publish","hentry"],"_links":{"self":[{"href":"https:\/\/closdessentinelles.com\/index.php\/wp-json\/wp\/v2\/pages\/1859","targetHints":{"allow":["GET"]}}],"collection":[{"href":"https:\/\/closdessentinelles.com\/index.php\/wp-json\/wp\/v2\/pages"}],"about":[{"href":"https:\/\/closdessentinelles.com\/index.php\/wp-json\/wp\/v2\/types\/page"}],"author":[{"embeddable":true,"href":"https:\/\/closdessentinelles.com\/index.php\/wp-json\/wp\/v2\/users\/1"}],"replies":[{"embeddable":true,"href":"https:\/\/closdessentinelles.com\/index.php\/wp-json\/wp\/v2\/comments?post=1859"}],"version-history":[{"count":34,"href":"https:\/\/closdessentinelles.com\/index.php\/wp-json\/wp\/v2\/pages\/1859\/revisions"}],"predecessor-version":[{"id":2373,"href":"https:\/\/closdessentinelles.com\/index.php\/wp-json\/wp\/v2\/pages\/1859\/revisions\/2373"}],"wp:attachment":[{"href":"https:\/\/closdessentinelles.com\/index.php\/wp-json\/wp\/v2\/media?parent=1859"}],"curies":[{"name":"wp","href":"https:\/\/api.w.org\/{rel}","templated":true}]}}