{"id":1476,"date":"2020-12-08T04:13:18","date_gmt":"2020-12-08T04:13:18","guid":{"rendered":"https:\/\/gaviaspreview.com\/wp\/orgarium\/?page_id=32"},"modified":"2024-12-29T00:28:24","modified_gmt":"2024-12-28T23:28:24","slug":"sentinelles-residentes","status":"publish","type":"page","link":"https:\/\/closdessentinelles.com\/index.php\/services-ruches-et-entreprises\/sentinelles-residentes\/","title":{"rendered":"Sentinelles R\u00e9sidentes"},"content":{"rendered":"\t\t<div data-elementor-type=\"wp-page\" data-elementor-id=\"1476\" class=\"elementor elementor-1476\">\n\t\t\t\t\t\t<section class=\"elementor-section elementor-top-section elementor-element elementor-element-49273ab elementor-section-boxed elementor-section-height-default elementor-section-height-default\" data-id=\"49273ab\" data-element_type=\"section\" data-e-type=\"section\" data-settings=\"{&quot;background_background&quot;:&quot;classic&quot;}\">\n\t\t\t\t\t\t<div class=\"elementor-container elementor-column-gap-default\">\n\t\t\t\t\t<div class=\"elementor-column elementor-col-100 elementor-top-column elementor-element elementor-element-2602ff3\" data-id=\"2602ff3\" data-element_type=\"column\" data-e-type=\"column\">\n\t\t\t<div class=\"elementor-widget-wrap elementor-element-populated\">\n\t\t\t\t\t\t<div class=\"elementor-element elementor-element-48c7f31 elementor-widget elementor-widget-gva-heading-block\" data-id=\"48c7f31\" data-element_type=\"widget\" data-e-type=\"widget\" data-widget_type=\"gva-heading-block.default\">\n\t\t\t\t<div class=\"elementor-widget-container\">\n\t\t\t\t\t<div class=\"gva-element-gva-heading-block gva-element\">   <div class=\"align-left style-1 widget gsc-heading box-align-left auto-responsive\">\r\n      <div class=\"content-inner\">\r\n         \r\n                  \r\n           \r\n         \r\n                     <h2 class=\"title\">\r\n               <span>Ruches & entreprises<\/span>\r\n            <\/h2>\r\n                              <div class=\"title-desc\">Butinez l'innovation, pollinisez votre RSE !<\/div>\r\n         \r\n         \r\n      <\/div>\r\n   <\/div>\r\n<\/div>\t\t\t\t<\/div>\n\t\t\t\t<\/div>\n\t\t\t\t\t<\/div>\n\t\t<\/div>\n\t\t\t\t\t<\/div>\n\t\t<\/section>\n\t\t\t\t<section class=\"elementor-section elementor-top-section elementor-element elementor-element-dcb4c37 elementor-section-boxed elementor-section-height-default elementor-section-height-default shape-bg-top-no shape-bg-bottom-no\" data-id=\"dcb4c37\" data-element_type=\"section\" data-e-type=\"section\">\n\t\t\t\t\t\t<div class=\"elementor-container elementor-column-gap-default\">\n\t\t\t\t\t<div class=\"elementor-column elementor-col-50 elementor-top-column elementor-element elementor-element-b90c940\" data-id=\"b90c940\" data-element_type=\"column\" data-e-type=\"column\">\n\t\t\t<div class=\"elementor-widget-wrap elementor-element-populated\">\n\t\t\t\t\t\t<div class=\"elementor-element elementor-element-93ad502 elementor-widget elementor-widget-text-editor\" data-id=\"93ad502\" data-element_type=\"widget\" data-e-type=\"widget\" data-widget_type=\"text-editor.default\">\n\t\t\t\t<div class=\"elementor-widget-container\">\n\t\t\t\t\t\t\t\t\t<p>Offrez \u00e0 votre entreprise une exp\u00e9rience apicole unique en h\u00e9bergeant des colonies d&#8217;abeilles. Pour 1800 \u20ac HT par ruche (avec un minimum de 2 ruches), b\u00e9n\u00e9ficiez d&#8217;un accompagnement complet et personnalis\u00e9. Chaque ruche vous garantit 10 kg de miel par an, avec un marquage personnalis\u00e9 et un suivi professionnel.<\/p><p>Nous nous occuperons personnellement des ruches en venant r\u00e9guli\u00e8rement sur votre site. Nos prestations incluent 5 visites annuelles minimum (c&#8217;est le besoin de la ruche qui d\u00e9fini les visites), des rapports d\u00e9taill\u00e9s avec photo, mais aussi la possibilit\u00e9 d&#8217;accompagner jusqu&#8217;\u00e0 4 salari\u00e9s, (\u00e9quipement de protection fourni). La mise en pot est comprise dans le forfait, avec des options d&#8217;\u00e9tiquetage et d&#8217;emballage personnalisables (type de pot, grammage, capsules, etc)<\/p><p><em>Options additionnelles :<\/em><\/p><ul><li><em>Formations \u00ab Abeilles \u00bb : 400\u20ac la demi-journ\u00e9e, 800\u20ac la journ\u00e9e, v<\/em><em>isites p\u00e9dagogiques et\/ou extraction de miel sur site<\/em><\/li><li><em>Miel suppl\u00e9mentaire \u00e0 25\u20ac\/kg<\/em><\/li><\/ul><p>Un engagement \u00e9cologique cl\u00e9 en main, pour une entreprise responsable et engag\u00e9e !<\/p>\t\t\t\t\t\t\t\t<\/div>\n\t\t\t\t<\/div>\n\t\t\t\t\t<\/div>\n\t\t<\/div>\n\t\t\t\t<div class=\"elementor-column elementor-col-50 elementor-top-column elementor-element elementor-element-e8fb816\" data-id=\"e8fb816\" data-element_type=\"column\" data-e-type=\"column\">\n\t\t\t<div class=\"elementor-widget-wrap elementor-element-populated\">\n\t\t\t\t\t\t<div class=\"elementor-element elementor-element-71f6d53 elementor-widget elementor-widget-gva-pricing-block\" data-id=\"71f6d53\" data-element_type=\"widget\" data-e-type=\"widget\" data-widget_type=\"gva-pricing-block.default\">\n\t\t\t\t<div class=\"elementor-widget-container\">\n\t\t\t\t\t<div class=\"gva-element-gva-pricing-block gva-element\">   \r\n<div class=\"widget gsc-pricing style-1 active-\">\r\n   <div class=\"content-inner\">\r\n\r\n      \r\n               <h3 class=\"title\">\r\n            <span>Installation & Entretien de ruches sur site<\/span>\r\n         <\/h3>\r\n      \r\n      <div class=\"plan-price\">\r\n         <div class=\"plan-price-inner clearfix\">\r\n            <span class=\"currency\"><\/span>\r\n            <span class=\"price\">1800 \u20ac<\/span>\r\n                           <span class=\"interval\">\/&nbsp;Ruche <\/span>\r\n               \r\n         <\/div>\r\n      <\/div>\r\n\r\n      <div class=\"desc\">Les Sentinelles R\u00e9sidentes<\/div>\r\n               <ul class=\"plan-list\">\r\n                           <li class=\"active\">\r\n                  <span class=\"text\">Marquage personnalis\u00e9 des ruches<\/span>\r\n               <\/li>  \r\n                           <li class=\"active\">\r\n                  <span class=\"text\">5 visites annuelles minimum avec rapport et photos<\/span>\r\n               <\/li>  \r\n                           <li class=\"active\">\r\n                  <span class=\"text\">Possibilit\u00e9 d'impliquer vos salari\u00e9s (\u00e9quipement fourni, 4 collaborateurs maximum)<\/span>\r\n               <\/li>  \r\n                           <li class=\"active\">\r\n                  <span class=\"text\">10 kg de miel par ruche et par an<\/span>\r\n               <\/li>  \r\n                     <\/ul>\r\n         \r\n\r\n\r\n         <\/div>\r\n<\/div>\r\n\r\n<div class=\"clearfix\"><\/div>\r\n\r\n<\/div>\t\t\t\t<\/div>\n\t\t\t\t<\/div>\n\t\t\t\t\t<\/div>\n\t\t<\/div>\n\t\t\t\t\t<\/div>\n\t\t<\/section>\n\t\t\t\t<section class=\"elementor-section elementor-top-section elementor-element elementor-element-1578c64 elementor-section-boxed elementor-section-height-default elementor-section-height-default shape-bg-top-no shape-bg-bottom-no\" data-id=\"1578c64\" data-element_type=\"section\" data-e-type=\"section\">\n\t\t\t\t\t\t<div class=\"elementor-container elementor-column-gap-default\">\n\t\t\t\t\t<div class=\"elementor-column elementor-col-100 elementor-top-column elementor-element elementor-element-cbd7001\" data-id=\"cbd7001\" data-element_type=\"column\" data-e-type=\"column\">\n\t\t\t<div class=\"elementor-widget-wrap elementor-element-populated\">\n\t\t\t\t\t\t<div class=\"elementor-element elementor-element-f7935b5 elementor-widget elementor-widget-gva-content-carousel\" data-id=\"f7935b5\" data-element_type=\"widget\" data-e-type=\"widget\" data-widget_type=\"gva-content-carousel.default\">\n\t\t\t\t<div class=\"elementor-widget-container\">\n\t\t\t\t\t<div class=\"gva-element-gva-content-carousel gva-element\">\r\n<div class=\"gsc-content-carousel swiper-slider-wrapper\">\r\n   <div class=\"swiper-content-inner\">\r\n      <div class=\"init-carousel-swiper swiper\" data-carousel=\"{&quot;items&quot;:1,&quot;items_lg&quot;:1,&quot;items_md&quot;:1,&quot;items_sm&quot;:1,&quot;items_xs&quot;:1,&quot;items_xx&quot;:1,&quot;effect&quot;:&quot;slide&quot;,&quot;space_between&quot;:20,&quot;loop&quot;:1,&quot;speed&quot;:600,&quot;autoplay&quot;:1,&quot;autoplay_delay&quot;:4500,&quot;autoplay_hover&quot;:1,&quot;navigation&quot;:1,&quot;pagination&quot;:1,&quot;dynamic_bullets&quot;:0,&quot;pagination_type&quot;:&quot;bullets&quot;}\">\r\n         <div class=\"swiper-wrapper\">\r\n                           <div class=\"swiper-slide\">\r\n                  <div class=\"item-content\">\r\n                     <div class=\"item-content-inner\">\r\n                                                   <div class=\"box-image\">\r\n                              <div class=\"image-content\">\r\n                                 <img decoding=\"async\" src=\"https:\/\/closdessentinelles.com\/wp-content\/uploads\/2024\/12\/dessin-ruches-en-prod.jpg\" alt=\"1. Biodiversit\u00e9 - &quot;Devenez Gardien de la Nature&quot;\"\/>\r\n                              <\/div>\r\n                           <\/div>\r\n                                                <div class=\"box-content\">\r\n                           <div class=\"gsc-heading\">\r\n                                                            <h2 class=\"title\">1. Biodiversit\u00e9 - &quot;Devenez Gardien de la Nature&quot;<\/h2>   \r\n                              <div class=\"title-desc\">Votre entreprise peut d\u00e9sormais jouer un r\u00f4le crucial dans la pr\u00e9servation de notre environnement. En parrainant nos ruches, vous contribuez directement \u00e0 la pollinisation de plus de 20 000 fleurs par jour et par abeille. Une ruche, c'est plus de 50 000 abeilles qui \u0153uvrent pour la biodiversit\u00e9 de votre territoire. Imaginez l'impact positif sur votre \u00e9cosyst\u00e8me local ! <\/div>                              \r\n                           <\/div>\r\n                        <\/div>\r\n                     <\/div>   \r\n                  <\/div>\r\n               <\/div>\r\n                           <div class=\"swiper-slide\">\r\n                  <div class=\"item-content\">\r\n                     <div class=\"item-content-inner\">\r\n                                                   <div class=\"box-image\">\r\n                              <div class=\"image-content\">\r\n                                 <img decoding=\"async\" src=\"https:\/\/closdessentinelles.com\/wp-content\/uploads\/2024\/12\/dessin-ruches-sur-toit.jpg\" alt=\"2. Communication Positive - &quot;Votre Marque fait le Buzz&quot;\"\/>\r\n                              <\/div>\r\n                           <\/div>\r\n                                                <div class=\"box-content\">\r\n                           <div class=\"gsc-heading\">\r\n                                                            <h2 class=\"title\">2. Communication Positive - &quot;Votre Marque fait le Buzz&quot;<\/h2>   \r\n                              <div class=\"title-desc\">Transformez votre engagement environnemental en histoire captivante. Nos ruches personnalis\u00e9es aux couleurs de votre entreprise deviennent un symbole fort de votre engagement RSE. Nous vous fournissons du contenu exclusif pour vos r\u00e9seaux sociaux : photos saisonni\u00e8res, vid\u00e9os des r\u00e9coltes, et actualit\u00e9s de vos ruches. Un storytelling authentique qui renforce votre image d'entreprise responsable. <\/div>                              \r\n                           <\/div>\r\n                        <\/div>\r\n                     <\/div>   \r\n                  <\/div>\r\n               <\/div>\r\n                           <div class=\"swiper-slide\">\r\n                  <div class=\"item-content\">\r\n                     <div class=\"item-content-inner\">\r\n                                                   <div class=\"box-image\">\r\n                              <div class=\"image-content\">\r\n                                 <img decoding=\"async\" src=\"https:\/\/closdessentinelles.com\/wp-content\/uploads\/2024\/12\/dessin-ruches-en-entreprise.jpg\" alt=\"3. Team Building - &quot;Du Miel dans vos Relations&quot;\"\/>\r\n                              <\/div>\r\n                           <\/div>\r\n                                                <div class=\"box-content\">\r\n                           <div class=\"gsc-heading\">\r\n                                                            <h2 class=\"title\">3. Team Building - &quot;Du Miel dans vos Relations&quot;<\/h2>   \r\n                              <div class=\"title-desc\">Offrez \u00e0 vos collaborateurs une exp\u00e9rience unique et f\u00e9d\u00e9ratrice. Notre programme comprend : \n\u2022\tDes ateliers d\u00e9couverte de l'apiculture\n\u2022\tDes animations sensorielles autour du miel\n\u2022\tDes moments de partage lors des r\u00e9coltes\n\u2022\tLa distribution de pots de miel personnalis\u00e9s \u00e0 vos \u00e9quipes\n<\/div>                              \r\n                           <\/div>\r\n                        <\/div>\r\n                     <\/div>   \r\n                  <\/div>\r\n               <\/div>\r\n                     <\/div>\r\n      <\/div>\r\n   <\/div>   \r\n   <div class=\"swiper-pagination\"><\/div>   <div class=\"swiper-nav-next\"><\/div><div class=\"swiper-nav-prev\"><\/div><\/div>\r\n<\/div>\t\t\t\t<\/div>\n\t\t\t\t<\/div>\n\t\t\t\t\t<\/div>\n\t\t<\/div>\n\t\t\t\t\t<\/div>\n\t\t<\/section>\n\t\t\t\t<section class=\"elementor-section elementor-top-section elementor-element elementor-element-c01ab8b elementor-section-boxed elementor-section-height-default elementor-section-height-default shape-bg-top-no shape-bg-bottom-no\" data-id=\"c01ab8b\" data-element_type=\"section\" data-e-type=\"section\">\n\t\t\t\t\t\t<div class=\"elementor-container elementor-column-gap-default\">\n\t\t\t\t\t<div class=\"elementor-column elementor-col-33 elementor-top-column elementor-element elementor-element-a3978fc\" data-id=\"a3978fc\" data-element_type=\"column\" data-e-type=\"column\">\n\t\t\t<div class=\"elementor-widget-wrap elementor-element-populated\">\n\t\t\t\t\t\t<div class=\"elementor-element elementor-element-3277d55 elementor-widget elementor-widget-image\" data-id=\"3277d55\" data-element_type=\"widget\" data-e-type=\"widget\" data-widget_type=\"image.default\">\n\t\t\t\t<div class=\"elementor-widget-container\">\n\t\t\t\t\t\t\t\t\t\t\t\t\t\t\t<img fetchpriority=\"high\" decoding=\"async\" width=\"632\" height=\"535\" src=\"https:\/\/closdessentinelles.com\/wp-content\/uploads\/2024\/12\/sentinelle-residente-RVB-e1735403746580.png\" class=\"attachment-full size-full wp-image-2032\" alt=\"\" srcset=\"https:\/\/closdessentinelles.com\/wp-content\/uploads\/2024\/12\/sentinelle-residente-RVB-e1735403746580.png 632w, https:\/\/closdessentinelles.com\/wp-content\/uploads\/2024\/12\/sentinelle-residente-RVB-e1735403746580-600x508.png 600w\" sizes=\"(max-width: 632px) 100vw, 632px\" \/>\t\t\t\t\t\t\t\t\t\t\t\t\t\t\t<\/div>\n\t\t\t\t<\/div>\n\t\t\t\t\t<\/div>\n\t\t<\/div>\n\t\t\t\t<div class=\"elementor-column elementor-col-66 elementor-top-column elementor-element elementor-element-b87758d\" data-id=\"b87758d\" data-element_type=\"column\" data-e-type=\"column\">\n\t\t\t<div class=\"elementor-widget-wrap elementor-element-populated\">\n\t\t\t\t\t\t<div class=\"elementor-element elementor-element-2545b9d elementor-widget elementor-widget-hubspot-form\" data-id=\"2545b9d\" data-element_type=\"widget\" data-e-type=\"widget\" data-widget_type=\"hubspot-form.default\">\n\t\t\t\t<div class=\"elementor-widget-container\">\n\t\t\t\t\t\n\t\t\t\t\t\t<script>\n\t\t\t\t\t\t\twindow.hsFormsOnReady = window.hsFormsOnReady || [];\n\t\t\t\t\t\t\twindow.hsFormsOnReady.push(()=>{\n\t\t\t\t\t\t\t\thbspt.forms.create({\n\t\t\t\t\t\t\t\t\tportalId: 48323613,\n\t\t\t\t\t\t\t\t\tformId: \"51a54a1f-1003-4afc-a59e-b987d0905e5d\",\n\t\t\t\t\t\t\t\t\ttarget: \"#hbspt-form-1776346739000-7055980061\",\n\t\t\t\t\t\t\t\t\tregion: \"na1\",\n\t\t\t\t\t\t\t\t\t\n\t\t\t\t\t\t\t})});\n\t\t\t\t\t\t<\/script>\n\t\t\t\t\t\t<div class=\"hbspt-form\" id=\"hbspt-form-1776346739000-7055980061\"><\/div>\t\t\t\t<\/div>\n\t\t\t\t<\/div>\n\t\t\t\t\t<\/div>\n\t\t<\/div>\n\t\t\t\t\t<\/div>\n\t\t<\/section>\n\t\t\t\t<\/div>\n\t\t","protected":false},"excerpt":{"rendered":"<p>Ruches &#038; entreprises Butinez l&#8217;innovation, pollinisez votre RSE ! Offrez \u00e0 votre entreprise une exp\u00e9rience apicole unique en h\u00e9bergeant des colonies d&#8217;abeilles. Pour 1800 \u20ac HT par ruche (avec un [&hellip;]<\/p>\n","protected":false},"author":1,"featured_media":0,"parent":161,"menu_order":0,"comment_status":"closed","ping_status":"closed","template":"","meta":{"content-type":"","inline_featured_image":false,"footnotes":""},"class_list":["post-1476","page","type-page","status-publish","hentry"],"_links":{"self":[{"href":"https:\/\/closdessentinelles.com\/index.php\/wp-json\/wp\/v2\/pages\/1476","targetHints":{"allow":["GET"]}}],"collection":[{"href":"https:\/\/closdessentinelles.com\/index.php\/wp-json\/wp\/v2\/pages"}],"about":[{"href":"https:\/\/closdessentinelles.com\/index.php\/wp-json\/wp\/v2\/types\/page"}],"author":[{"embeddable":true,"href":"https:\/\/closdessentinelles.com\/index.php\/wp-json\/wp\/v2\/users\/1"}],"replies":[{"embeddable":true,"href":"https:\/\/closdessentinelles.com\/index.php\/wp-json\/wp\/v2\/comments?post=1476"}],"version-history":[{"count":49,"href":"https:\/\/closdessentinelles.com\/index.php\/wp-json\/wp\/v2\/pages\/1476\/revisions"}],"predecessor-version":[{"id":2204,"href":"https:\/\/closdessentinelles.com\/index.php\/wp-json\/wp\/v2\/pages\/1476\/revisions\/2204"}],"up":[{"embeddable":true,"href":"https:\/\/closdessentinelles.com\/index.php\/wp-json\/wp\/v2\/pages\/161"}],"wp:attachment":[{"href":"https:\/\/closdessentinelles.com\/index.php\/wp-json\/wp\/v2\/media?parent=1476"}],"curies":[{"name":"wp","href":"https:\/\/api.w.org\/{rel}","templated":true}]}}