{"id":1473,"date":"2020-12-08T03:54:06","date_gmt":"2020-12-08T03:54:06","guid":{"rendered":"https:\/\/gaviaspreview.com\/wp\/orgarium\/?page_id=25"},"modified":"2025-01-15T18:26:27","modified_gmt":"2025-01-15T17:26:27","slug":"news","status":"publish","type":"page","link":"https:\/\/closdessentinelles.com\/index.php\/news\/","title":{"rendered":"News"},"content":{"rendered":"\t\t<div data-elementor-type=\"wp-page\" data-elementor-id=\"1473\" class=\"elementor elementor-1473\">\n\t\t\t\t\t\t<section class=\"elementor-section elementor-top-section elementor-element elementor-element-59f29e4 elementor-section-full_width elementor-section-height-default elementor-section-height-default shape-bg-top-no shape-bg-bottom-no\" data-id=\"59f29e4\" data-element_type=\"section\" data-e-type=\"section\">\n\t\t\t\t\t\t<div class=\"elementor-container elementor-column-gap-default\">\n\t\t\t\t\t<div class=\"elementor-column elementor-col-100 elementor-top-column elementor-element elementor-element-6754167\" data-id=\"6754167\" data-element_type=\"column\" data-e-type=\"column\">\n\t\t\t<div class=\"elementor-widget-wrap elementor-element-populated\">\n\t\t\t\t\t\t<div class=\"elementor-element elementor-element-458306b elementor-widget elementor-widget-gva_post_breadcrumb\" data-id=\"458306b\" data-element_type=\"widget\" data-e-type=\"widget\" data-widget_type=\"gva_post_breadcrumb.default\">\n\t\t\t\t<div class=\"elementor-widget-container\">\n\t\t\t\t\t<div class=\"gva-element-gva_post_breadcrumb gva-element\">   \r\n<div class=\"post-breadcrumb\">\r\n   <div class=\"custom-breadcrumb \" >\r\n            <div class=\"breadcrumb-main\">\r\n        <div class=\"container\">\r\n          <div class=\"breadcrumb-container-inner\">\r\n            <ol class=\"breadcrumb\"><li><a href=\"https:\/\/closdessentinelles.com\">Home<\/a> <\/li> <li class=\"active\">Page<\/li><\/ol>          <\/div>  \r\n        <\/div>   \r\n      <\/div>  \r\n   <\/div>\r\n<\/div>      \r\n\r\n<\/div>\t\t\t\t<\/div>\n\t\t\t\t<\/div>\n\t\t\t\t<div class=\"elementor-element elementor-element-0ba2b04 elementor-widget__width-initial elementor-absolute elementor-widget elementor-widget-heading\" data-id=\"0ba2b04\" data-element_type=\"widget\" data-e-type=\"widget\" data-settings=\"{&quot;_position&quot;:&quot;absolute&quot;}\" data-widget_type=\"heading.default\">\n\t\t\t\t<div class=\"elementor-widget-container\">\n\t\t\t\t\t<h2 class=\"elementor-heading-title elementor-size-default\">Blog des Sentinelles<\/h2>\t\t\t\t<\/div>\n\t\t\t\t<\/div>\n\t\t\t\t\t<\/div>\n\t\t<\/div>\n\t\t\t\t\t<\/div>\n\t\t<\/section>\n\t\t\t\t<section class=\"elementor-section elementor-top-section elementor-element elementor-element-1fbe8dbc elementor-section-boxed elementor-section-height-default elementor-section-height-default shape-bg-top-no shape-bg-bottom-no\" data-id=\"1fbe8dbc\" data-element_type=\"section\" data-e-type=\"section\">\n\t\t\t\t\t\t<div class=\"elementor-container elementor-column-gap-default\">\n\t\t\t\t\t<div class=\"elementor-column elementor-col-100 elementor-top-column elementor-element elementor-element-505d4390\" data-id=\"505d4390\" data-element_type=\"column\" data-e-type=\"column\">\n\t\t\t<div class=\"elementor-widget-wrap elementor-element-populated\">\n\t\t\t\t\t\t<div class=\"elementor-element elementor-element-962a554 elementor-widget elementor-widget-gva-posts\" data-id=\"962a554\" data-element_type=\"widget\" data-e-type=\"widget\" data-widget_type=\"gva-posts.default\">\n\t\t\t\t<div class=\"elementor-widget-container\">\n\t\t\t\t\t<div class=\"gva-element-gva-posts gva-element\">  \r\n  <div class=\"gva-posts-grid clearfix gva-posts\">\r\n\t\t<div class=\"gva-content-items\"> \r\n\t\t  <div class=\"lg-block-grid-3 md-block-grid-3 sm-block-grid-2 xs-block-grid-2 xx-block-grid-1\">\r\n\t\t\t <div class=\"item-columns\">\r\n   <article id=\"post-2385\" class=\"post post-style-2 post-2385 type-post status-publish format-standard has-post-thumbnail hentry category-actualite\">\r\n      \r\n               <div class=\"post-thumbnail\">\r\n            <a href=\"https:\/\/closdessentinelles.com\/index.php\/2025\/01\/14\/limpertinent-fait-ses-premiers-pas-une-journee-memorable\/\">\r\n               <img fetchpriority=\"high\" decoding=\"async\" width=\"600\" height=\"540\" src=\"https:\/\/closdessentinelles.com\/wp-content\/uploads\/2025\/01\/IMG_0175-scaled-e1736864347983-600x540.jpg\" class=\"attachment-medium size-medium wp-post-image\" alt=\"L&#8217;Impertinent fait ses premiers pas : Une journ\u00e9e m\u00e9morable\" \/>            <\/a>\r\n                           <div class=\"entry-date\">\r\n                  <span class=\"date\">14<\/span>\r\n                  <span class=\"month\">janvier<\/span>\r\n               <\/div>\r\n                     <\/div>   \r\n         \r\n\r\n      <div class=\"entry-content has-thumbnail\">\r\n         <div class=\"content-inner\">\r\n            <div class=\"entry-meta\">\r\n               <div class=\"clearfix meta-inline post-meta-1\"><span class=\"author vcard\"><i class=\"far fa-user-circle\"><\/i>Alexandre<\/span><\/div>            <\/div> \r\n            <h3 class=\"entry-title\">\r\n               <a href=\"https:\/\/closdessentinelles.com\/index.php\/2025\/01\/14\/limpertinent-fait-ses-premiers-pas-une-journee-memorable\/\" rel=\"bookmark\">L&#8217;Impertinent fait ses premiers pas : Une journ\u00e9e m\u00e9morable<\/a>\r\n            <\/h3>\r\n                           <div class=\"entry-desc\">\r\n                  Ce dimanche, sous un soleil radieux d&#8217;hiver, le Clos des Sentinelles a c\u00e9l\u00e9br\u00e9 le lancement               <\/div>   \r\n                     <\/div>\r\n         <div class=\"read-more\">\r\n            <a class=\"btn-read-more\" href=\"https:\/\/closdessentinelles.com\/index.php\/2025\/01\/14\/limpertinent-fait-ses-premiers-pas-une-journee-memorable\/\">Read more<i class=\"fa-regular fa-circle-right\"><\/i><\/a>\r\n         <\/div>\r\n      <\/div>\r\n   <\/article>   \r\n\r\n  <\/div><div class=\"item-columns\">\r\n   <article id=\"post-2359\" class=\"post post-style-2 post-2359 type-post status-publish format-standard has-post-thumbnail hentry category-actualite category-hydromels\">\r\n      \r\n               <div class=\"post-thumbnail\">\r\n            <a href=\"https:\/\/closdessentinelles.com\/index.php\/2025\/01\/03\/la-legende-de-lelixir-de-dragon\/\">\r\n               <img decoding=\"async\" width=\"600\" height=\"540\" src=\"https:\/\/closdessentinelles.com\/wp-content\/uploads\/2025\/01\/Illustration-larme-dragon-600x540.jpg\" class=\"attachment-medium size-medium wp-post-image\" alt=\"La L\u00e9gende du Dragon &#8220;C\u00e9lestinus&#8221;\" \/>            <\/a>\r\n                           <div class=\"entry-date\">\r\n                  <span class=\"date\">03<\/span>\r\n                  <span class=\"month\">janvier<\/span>\r\n               <\/div>\r\n                     <\/div>   \r\n         \r\n\r\n      <div class=\"entry-content has-thumbnail\">\r\n         <div class=\"content-inner\">\r\n            <div class=\"entry-meta\">\r\n               <div class=\"clearfix meta-inline post-meta-1\"><span class=\"author vcard\"><i class=\"far fa-user-circle\"><\/i>Alexandre<\/span><\/div>            <\/div> \r\n            <h3 class=\"entry-title\">\r\n               <a href=\"https:\/\/closdessentinelles.com\/index.php\/2025\/01\/03\/la-legende-de-lelixir-de-dragon\/\" rel=\"bookmark\">La L\u00e9gende du Dragon &#8220;C\u00e9lestinus&#8221;<\/a>\r\n            <\/h3>\r\n                           <div class=\"entry-desc\">\r\n                  La L\u00e9gende Il y a fort longtemps, dans des temps imm\u00e9moriaux, vivait C\u00e9lestinus, un dragon               <\/div>   \r\n                     <\/div>\r\n         <div class=\"read-more\">\r\n            <a class=\"btn-read-more\" href=\"https:\/\/closdessentinelles.com\/index.php\/2025\/01\/03\/la-legende-de-lelixir-de-dragon\/\">Read more<i class=\"fa-regular fa-circle-right\"><\/i><\/a>\r\n         <\/div>\r\n      <\/div>\r\n   <\/article>   \r\n\r\n  <\/div><div class=\"item-columns\">\r\n   <article id=\"post-2357\" class=\"post post-style-2 post-2357 type-post status-publish format-standard has-post-thumbnail hentry category-hydromels\">\r\n      \r\n               <div class=\"post-thumbnail\">\r\n            <a href=\"https:\/\/closdessentinelles.com\/index.php\/2025\/01\/03\/lelixir-de-dragon-un-hydromel-de-legende\/\">\r\n               <img decoding=\"async\" width=\"600\" height=\"540\" src=\"https:\/\/closdessentinelles.com\/wp-content\/uploads\/2023\/02\/Illustration-dragon-avec-grotte-600x540.jpg\" class=\"attachment-medium size-medium wp-post-image\" alt=\"L&#8217;\u00c9lixir de Dragon, un hydromel de L\u00e9gende\" \/>            <\/a>\r\n                           <div class=\"entry-date\">\r\n                  <span class=\"date\">03<\/span>\r\n                  <span class=\"month\">janvier<\/span>\r\n               <\/div>\r\n                     <\/div>   \r\n         \r\n\r\n      <div class=\"entry-content has-thumbnail\">\r\n         <div class=\"content-inner\">\r\n            <div class=\"entry-meta\">\r\n               <div class=\"clearfix meta-inline post-meta-1\"><span class=\"author vcard\"><i class=\"far fa-user-circle\"><\/i>Alexandre<\/span><\/div>            <\/div> \r\n            <h3 class=\"entry-title\">\r\n               <a href=\"https:\/\/closdessentinelles.com\/index.php\/2025\/01\/03\/lelixir-de-dragon-un-hydromel-de-legende\/\" rel=\"bookmark\">L&#8217;\u00c9lixir de Dragon, un hydromel de L\u00e9gende<\/a>\r\n            <\/h3>\r\n                           <div class=\"entry-desc\">\r\n                  L&#8217;\u00c9lixir de Dragon est un hydromel moelleux d&#8217;exception qui incarne l&#8217;alliance parfaite entre tradition et               <\/div>   \r\n                     <\/div>\r\n         <div class=\"read-more\">\r\n            <a class=\"btn-read-more\" href=\"https:\/\/closdessentinelles.com\/index.php\/2025\/01\/03\/lelixir-de-dragon-un-hydromel-de-legende\/\">Read more<i class=\"fa-regular fa-circle-right\"><\/i><\/a>\r\n         <\/div>\r\n      <\/div>\r\n   <\/article>   \r\n\r\n  <\/div><div class=\"item-columns\">\r\n   <article id=\"post-2351\" class=\"post post-style-2 post-2351 type-post status-publish format-standard has-post-thumbnail hentry category-actualite category-clos-des-sentinelles category-hydromels\">\r\n      \r\n               <div class=\"post-thumbnail\">\r\n            <a href=\"https:\/\/closdessentinelles.com\/index.php\/2024\/12\/31\/hydromels-historiques-image-innee-immuable-2009\/\">\r\n               <img loading=\"lazy\" decoding=\"async\" width=\"600\" height=\"540\" src=\"https:\/\/closdessentinelles.com\/wp-content\/uploads\/2024\/12\/DSC01921-scaled-e1735653564173-600x540.jpg\" class=\"attachment-medium size-medium wp-post-image\" alt=\"Hydromels Historiques : Image Inn\u00e9e &#038; Immuable (2009)\" \/>            <\/a>\r\n                           <div class=\"entry-date\">\r\n                  <span class=\"date\">31<\/span>\r\n                  <span class=\"month\">d\u00e9cembre<\/span>\r\n               <\/div>\r\n                     <\/div>   \r\n         \r\n\r\n      <div class=\"entry-content has-thumbnail\">\r\n         <div class=\"content-inner\">\r\n            <div class=\"entry-meta\">\r\n               <div class=\"clearfix meta-inline post-meta-1\"><span class=\"author vcard\"><i class=\"far fa-user-circle\"><\/i>Alexandre<\/span><\/div>            <\/div> \r\n            <h3 class=\"entry-title\">\r\n               <a href=\"https:\/\/closdessentinelles.com\/index.php\/2024\/12\/31\/hydromels-historiques-image-innee-immuable-2009\/\" rel=\"bookmark\">Hydromels Historiques : Image Inn\u00e9e &#038; Immuable (2009)<\/a>\r\n            <\/h3>\r\n                           <div class=\"entry-desc\">\r\n                  Les Hydromels Historiques du Clos des Sentinelles : Image Inn\u00e9e et Immuable Une Tradition N\u00e9e               <\/div>   \r\n                     <\/div>\r\n         <div class=\"read-more\">\r\n            <a class=\"btn-read-more\" href=\"https:\/\/closdessentinelles.com\/index.php\/2024\/12\/31\/hydromels-historiques-image-innee-immuable-2009\/\">Read more<i class=\"fa-regular fa-circle-right\"><\/i><\/a>\r\n         <\/div>\r\n      <\/div>\r\n   <\/article>   \r\n\r\n  <\/div><div class=\"item-columns\">\r\n   <article id=\"post-2317\" class=\"post post-style-2 post-2317 type-post status-publish format-standard has-post-thumbnail hentry category-actualite category-clos-des-sentinelles category-hydromels\">\r\n      \r\n               <div class=\"post-thumbnail\">\r\n            <a href=\"https:\/\/closdessentinelles.com\/index.php\/2024\/12\/30\/2317\/\">\r\n               <img loading=\"lazy\" decoding=\"async\" width=\"600\" height=\"540\" src=\"https:\/\/closdessentinelles.com\/wp-content\/uploads\/2024\/12\/CLOS-DES-SENTINELLES-scaled-e1735507490876-600x540.jpg\" class=\"attachment-medium size-medium wp-post-image\" alt=\"Lancement de l&#8217;Hydromel &#8220;Impertinent&#8221; : Une Journ\u00e9e Festive \u00e0 Viols-le-Fort le 11\/01\/25\" \/>            <\/a>\r\n                           <div class=\"entry-date\">\r\n                  <span class=\"date\">30<\/span>\r\n                  <span class=\"month\">d\u00e9cembre<\/span>\r\n               <\/div>\r\n                     <\/div>   \r\n         \r\n\r\n      <div class=\"entry-content has-thumbnail\">\r\n         <div class=\"content-inner\">\r\n            <div class=\"entry-meta\">\r\n               <div class=\"clearfix meta-inline post-meta-1\"><span class=\"author vcard\"><i class=\"far fa-user-circle\"><\/i>Alexandre<\/span><\/div>            <\/div> \r\n            <h3 class=\"entry-title\">\r\n               <a href=\"https:\/\/closdessentinelles.com\/index.php\/2024\/12\/30\/2317\/\" rel=\"bookmark\">Lancement de l&#8217;Hydromel &#8220;Impertinent&#8221; : Une Journ\u00e9e Festive \u00e0 Viols-le-Fort le 11\/01\/25<\/a>\r\n            <\/h3>\r\n                           <div class=\"entry-desc\">\r\n                  Un \u00c9v\u00e9nement Unique dans notre Village Le samedi 11 janvier 2025, je suis ravi de               <\/div>   \r\n                     <\/div>\r\n         <div class=\"read-more\">\r\n            <a class=\"btn-read-more\" href=\"https:\/\/closdessentinelles.com\/index.php\/2024\/12\/30\/2317\/\">Read more<i class=\"fa-regular fa-circle-right\"><\/i><\/a>\r\n         <\/div>\r\n      <\/div>\r\n   <\/article>   \r\n\r\n  <\/div><div class=\"item-columns\">\r\n   <article id=\"post-17\" class=\"post post-style-2 post-17 type-post status-publish format-standard has-post-thumbnail hentry category-hydromels\">\r\n      \r\n               <div class=\"post-thumbnail\">\r\n            <a href=\"https:\/\/closdessentinelles.com\/index.php\/2023\/02\/25\/immoral\/\">\r\n               <img loading=\"lazy\" decoding=\"async\" width=\"600\" height=\"540\" src=\"https:\/\/closdessentinelles.com\/wp-content\/uploads\/2024\/12\/Immoral-2-bandoRVB-e1735249026467-600x540.png\" class=\"attachment-medium size-medium wp-post-image\" alt=\"L&#8217;Immoral : L&#8217;Excellence du Clos des Sentinelles\" \/>            <\/a>\r\n                           <div class=\"entry-date\">\r\n                  <span class=\"date\">25<\/span>\r\n                  <span class=\"month\">f\u00e9vrier<\/span>\r\n               <\/div>\r\n                     <\/div>   \r\n         \r\n\r\n      <div class=\"entry-content has-thumbnail\">\r\n         <div class=\"content-inner\">\r\n            <div class=\"entry-meta\">\r\n               <div class=\"clearfix meta-inline post-meta-1\"><span class=\"author vcard\"><i class=\"far fa-user-circle\"><\/i>Alexandre<\/span><\/div>            <\/div> \r\n            <h3 class=\"entry-title\">\r\n               <a href=\"https:\/\/closdessentinelles.com\/index.php\/2023\/02\/25\/immoral\/\" rel=\"bookmark\">L&#8217;Immoral : L&#8217;Excellence du Clos des Sentinelles<\/a>\r\n            <\/h3>\r\n                           <div class=\"entry-desc\">\r\n                  Dans les terres sauvages de l&#8217;Occitanie, le Clos des Sentinelles vous d\u00e9voile son joyau le               <\/div>   \r\n                     <\/div>\r\n         <div class=\"read-more\">\r\n            <a class=\"btn-read-more\" href=\"https:\/\/closdessentinelles.com\/index.php\/2023\/02\/25\/immoral\/\">Read more<i class=\"fa-regular fa-circle-right\"><\/i><\/a>\r\n         <\/div>\r\n      <\/div>\r\n   <\/article>   \r\n\r\n  <\/div>\t\t  <\/div>\r\n\t\t<\/div>\r\n\t\t\t\t\t <div class=\"pagination\">\r\n\t\t\t\t  \t\t\t <\/div>\r\n\t\t  <\/div>\r\n  <\/div>\t\t\t\t<\/div>\n\t\t\t\t<\/div>\n\t\t\t\t\t<\/div>\n\t\t<\/div>\n\t\t\t\t\t<\/div>\n\t\t<\/section>\n\t\t\t\t<\/div>\n\t\t","protected":false},"excerpt":{"rendered":"<p>Home Blog des Sentinelles 14 janvier Alexandre L&rsquo;Impertinent fait ses premiers pas : Une journ\u00e9e m\u00e9morable Ce dimanche, sous un soleil radieux d&rsquo;hiver, le Clos des Sentinelles a c\u00e9l\u00e9br\u00e9 le [&hellip;]<\/p>\n","protected":false},"author":1,"featured_media":0,"parent":0,"menu_order":0,"comment_status":"closed","ping_status":"closed","template":"","meta":{"content-type":"","inline_featured_image":false,"footnotes":""},"class_list":["post-1473","page","type-page","status-publish","hentry"],"_links":{"self":[{"href":"https:\/\/closdessentinelles.com\/index.php\/wp-json\/wp\/v2\/pages\/1473","targetHints":{"allow":["GET"]}}],"collection":[{"href":"https:\/\/closdessentinelles.com\/index.php\/wp-json\/wp\/v2\/pages"}],"about":[{"href":"https:\/\/closdessentinelles.com\/index.php\/wp-json\/wp\/v2\/types\/page"}],"author":[{"embeddable":true,"href":"https:\/\/closdessentinelles.com\/index.php\/wp-json\/wp\/v2\/users\/1"}],"replies":[{"embeddable":true,"href":"https:\/\/closdessentinelles.com\/index.php\/wp-json\/wp\/v2\/comments?post=1473"}],"version-history":[{"count":22,"href":"https:\/\/closdessentinelles.com\/index.php\/wp-json\/wp\/v2\/pages\/1473\/revisions"}],"predecessor-version":[{"id":2401,"href":"https:\/\/closdessentinelles.com\/index.php\/wp-json\/wp\/v2\/pages\/1473\/revisions\/2401"}],"wp:attachment":[{"href":"https:\/\/closdessentinelles.com\/index.php\/wp-json\/wp\/v2\/media?parent=1473"}],"curies":[{"name":"wp","href":"https:\/\/api.w.org\/{rel}","templated":true}]}}